{"id":336207,"date":"2022-09-02T02:02:32","date_gmt":"2022-09-02T02:02:32","guid":{"rendered":"https:\/\/amortherapyservices.com\/galeria\/"},"modified":"2022-09-24T14:31:08","modified_gmt":"2022-09-24T14:31:08","slug":"galeria","status":"publish","type":"page","link":"https:\/\/amortherapyservices.com\/es\/galeria\/","title":{"rendered":"Galer\u00eda"},"content":{"rendered":"<p>[et_pb_section fb_built=&#8221;1&#8243; custom_padding_last_edited=&#8221;on|phone&#8221; next_background_color=&#8221;#ffffff&#8221; _builder_version=&#8221;4.18.0&#8243; _module_preset=&#8221;default&#8221; background_image=&#8221;https:\/\/amortherapyservices.com\/wp-content\/uploads\/2022\/09\/1-3.jpg&#8221; background_position=&#8221;top_center&#8221; custom_padding=&#8221;0px||129px||false|false&#8221; custom_padding_tablet=&#8221;30px||30px||false|false&#8221; custom_padding_phone=&#8221;50px||50px||false|false&#8221; bottom_divider_style=&#8221;wave2&#8243; global_colors_info=&#8221;{}&#8221;][et_pb_row use_custom_gutter=&#8221;on&#8221; gutter_width=&#8221;2&#8243; make_equal=&#8221;on&#8221; custom_padding_last_edited=&#8221;on|phone&#8221; _builder_version=&#8221;4.18.0&#8243; _module_preset=&#8221;default&#8221; width=&#8221;90%&#8221; width_tablet=&#8221;60%&#8221; width_phone=&#8221;90%&#8221; width_last_edited=&#8221;on|tablet&#8221; max_width=&#8221;1200px&#8221; max_width_tablet=&#8221;60%&#8221; max_width_phone=&#8221;90%&#8221; max_width_last_edited=&#8221;on|desktop&#8221; custom_margin=&#8221;|||30vh|false|false&#8221; custom_padding=&#8221;30vh|0px|36vh|0px|false|false&#8221; custom_padding_tablet=&#8221;0vh||5vh||false|false&#8221; custom_padding_phone=&#8221;0vh||5vh||false|false&#8221; animation_style=&#8221;slide&#8221; animation_direction=&#8221;top&#8221; animation_duration=&#8221;750ms&#8221; animation_speed_curve=&#8221;ease&#8221; hover_enabled=&#8221;0&#8243; global_colors_info=&#8221;{}&#8221; custom_margin_last_edited=&#8221;on|tablet&#8221; custom_margin_tablet=&#8221;20vh||20vh|30vh|true|false&#8221; sticky_enabled=&#8221;0&#8243; custom_margin_phone=&#8221;|||10vh|true|false&#8221;][et_pb_column type=&#8221;4_4&#8243; _builder_version=&#8221;4.16&#8243; _module_preset=&#8221;default&#8221; global_colors_info=&#8221;{}&#8221;][et_pb_text _builder_version=&#8221;4.18.0&#8243; _module_preset=&#8221;default&#8221; header_font=&#8221;Fredoka One||||||||&#8221; header_text_align=&#8221;left&#8221; header_text_color=&#8221;#FE566D&#8221; header_font_size=&#8221;90px&#8221; header_line_height=&#8221;1.2em&#8221; width=&#8221;54%&#8221; header_font_size_tablet=&#8221;50px&#8221; header_font_size_phone=&#8221;25px&#8221; header_font_size_last_edited=&#8221;on|phone&#8221; global_colors_info=&#8221;{}&#8221;]<\/p>\n<h1>Galer\u00eda<\/h1>\n<p>[\/et_pb_text][\/et_pb_column][\/et_pb_row][\/et_pb_section][et_pb_section fb_built=&#8221;1&#8243; _builder_version=&#8221;4.18.0&#8243; _module_preset=&#8221;default&#8221; custom_padding=&#8221;||0px|||&#8221; global_colors_info=&#8221;{}&#8221;][et_pb_row use_custom_gutter=&#8221;on&#8221; gutter_width=&#8221;2&#8243; make_equal=&#8221;on&#8221; _builder_version=&#8221;4.16&#8243; width=&#8221;90%&#8221; width_tablet=&#8221;90%&#8221; width_phone=&#8221;90%&#8221; width_last_edited=&#8221;on|tablet&#8221; max_width=&#8221;1170px&#8221; max_width_tablet=&#8221;90%&#8221; max_width_phone=&#8221;90%&#8221; max_width_last_edited=&#8221;on|desktop&#8221; custom_padding=&#8221;0px|0px|50px|0px|false|false&#8221; global_colors_info=&#8221;{}&#8221;][et_pb_column type=&#8221;4_4&#8243; _builder_version=&#8221;4.16&#8243; custom_padding=&#8221;|||&#8221; global_colors_info=&#8221;{}&#8221; custom_padding__hover=&#8221;|||&#8221;][et_pb_text _builder_version=&#8221;4.18.0&#8243; text_font=&#8221;Poppins|700|||||||&#8221; text_text_color=&#8221;#000000&#8243; text_font_size=&#8221;30px&#8221; header_2_font=&#8221;Fredoka One|||on|||||&#8221; header_2_text_align=&#8221;center&#8221; header_2_text_color=&#8221;#0579C9&#8243; header_2_font_size=&#8221;40px&#8221; text_orientation=&#8221;center&#8221; text_font_size_tablet=&#8221;&#8221; text_font_size_phone=&#8221;20px&#8221; text_font_size_last_edited=&#8221;on|desktop&#8221; header_2_font_size_tablet=&#8221;60px&#8221; header_2_font_size_phone=&#8221;40px&#8221; header_2_font_size_last_edited=&#8221;on|phone&#8221; global_colors_info=&#8221;{}&#8221;]<\/p>\n<h2><span style=\"color: #fe566d;\">NUESTRA GALER\u00cdA<\/span><\/h2>\n<p>[\/et_pb_text][\/et_pb_column][\/et_pb_row][\/et_pb_section][et_pb_section fb_built=&#8221;1&#8243; _builder_version=&#8221;4.18.0&#8243; _module_preset=&#8221;default&#8221; custom_padding=&#8221;0px|||||&#8221; global_colors_info=&#8221;{}&#8221;][et_pb_row _builder_version=&#8221;4.18.0&#8243; _module_preset=&#8221;default&#8221; global_colors_info=&#8221;{}&#8221;][et_pb_column type=&#8221;4_4&#8243; _builder_version=&#8221;4.18.0&#8243; _module_preset=&#8221;default&#8221; global_colors_info=&#8221;{}&#8221;][dnxte_thumbs_gallery_parent dnext_thumbs_gallery_loop=&#8221;on&#8221; dnext_thumbs_gallery_bottom_loop=&#8221;on&#8221; dnext_thumbs_gallery_centered_slides=&#8221;on&#8221; dnext_thumbs_gallery_bottom_centered_slides=&#8221;on&#8221; dnext_thumbs_gallery_bottom_spacebetween=&#8221;30&#8243; dnext_thumbs_gallery_bottom_grab=&#8221;on&#8221; dnext_thumbs_gallery_keyboard_enable=&#8221;off&#8221; dnext_thumbs_gallery_pagination_type=&#8221;none&#8221; dnext_thumbs_gallery_arrow_color=&#8221;#474747&#8243; dnext_thumbs_gallery_arrow_background_color=&#8221;#ffffff&#8221; dnext_thumbs_gallery_shadow_color=&#8221;#000000&#8243; dnext_thumbs_gallery_arrow_size=&#8221;46&#8243; _builder_version=&#8221;4.18.0&#8243; _module_preset=&#8221;default&#8221; custom_padding=&#8221;10px||||false|false&#8221; border_radii=&#8221;on|10px|10px|10px|10px&#8221; border_color_all=&#8221;rgba(0,0,0,0)&#8221; locked=&#8221;off&#8221; global_colors_info=&#8221;{}&#8221;][dnxte_thumbs_gallery_child thumbs_gallery_top_image=&#8221;https:\/\/amortherapyservices.com\/wp-content\/uploads\/2022\/09\/1-5.jpg&#8221; _builder_version=&#8221;4.18.0&#8243; _module_preset=&#8221;default&#8221; border_radii=&#8221;on|10px|10px|10px|10px&#8221; global_colors_info=&#8221;{}&#8221;][\/dnxte_thumbs_gallery_child][dnxte_thumbs_gallery_child thumbs_gallery_top_image=&#8221;https:\/\/amortherapyservices.com\/wp-content\/uploads\/2022\/09\/2-5.jpg&#8221; _builder_version=&#8221;4.18.0&#8243; _module_preset=&#8221;default&#8221; border_radii=&#8221;on|10px|10px|10px|10px&#8221; global_colors_info=&#8221;{}&#8221;][\/dnxte_thumbs_gallery_child][dnxte_thumbs_gallery_child thumbs_gallery_top_image=&#8221;https:\/\/amortherapyservices.com\/wp-content\/uploads\/2022\/09\/3-5.jpg&#8221; _builder_version=&#8221;4.18.0&#8243; _module_preset=&#8221;default&#8221; border_radii=&#8221;on|10px|10px|10px|10px&#8221; global_colors_info=&#8221;{}&#8221;][\/dnxte_thumbs_gallery_child][dnxte_thumbs_gallery_child thumbs_gallery_top_image=&#8221;https:\/\/amortherapyservices.com\/wp-content\/uploads\/2022\/09\/4-5.jpg&#8221; _builder_version=&#8221;4.18.0&#8243; _module_preset=&#8221;default&#8221; border_radii=&#8221;on|10px|10px|10px|10px&#8221; global_colors_info=&#8221;{}&#8221;][\/dnxte_thumbs_gallery_child][dnxte_thumbs_gallery_child thumbs_gallery_top_image=&#8221;https:\/\/amortherapyservices.com\/wp-content\/uploads\/2022\/09\/5-2.jpg&#8221; _builder_version=&#8221;4.18.0&#8243; _module_preset=&#8221;default&#8221; border_radii=&#8221;on|10px|10px|10px|10px&#8221; global_colors_info=&#8221;{}&#8221;][\/dnxte_thumbs_gallery_child][dnxte_thumbs_gallery_child thumbs_gallery_top_image=&#8221;https:\/\/amortherapyservices.com\/wp-content\/uploads\/2022\/09\/6.jpg&#8221; _builder_version=&#8221;4.18.0&#8243; _module_preset=&#8221;default&#8221; border_radii=&#8221;on|10px|10px|10px|10px&#8221; global_colors_info=&#8221;{}&#8221;][\/dnxte_thumbs_gallery_child][dnxte_thumbs_gallery_child thumbs_gallery_top_image=&#8221;https:\/\/amortherapyservices.com\/wp-content\/uploads\/2022\/09\/7.jpg&#8221; _builder_version=&#8221;4.18.0&#8243; _module_preset=&#8221;default&#8221; border_radii=&#8221;on|10px|10px|10px|10px&#8221; global_colors_info=&#8221;{}&#8221;][\/dnxte_thumbs_gallery_child][dnxte_thumbs_gallery_child thumbs_gallery_top_image=&#8221;https:\/\/amortherapyservices.com\/wp-content\/uploads\/2022\/09\/8.jpg&#8221; _builder_version=&#8221;4.18.0&#8243; _module_preset=&#8221;default&#8221; border_radii=&#8221;on|10px|10px|10px|10px&#8221; global_colors_info=&#8221;{}&#8221;][\/dnxte_thumbs_gallery_child][dnxte_thumbs_gallery_child thumbs_gallery_top_image=&#8221;https:\/\/amortherapyservices.com\/wp-content\/uploads\/2022\/09\/9.jpg&#8221; _builder_version=&#8221;4.18.0&#8243; _module_preset=&#8221;default&#8221; border_radii=&#8221;on|10px|10px|10px|10px&#8221; global_colors_info=&#8221;{}&#8221;][\/dnxte_thumbs_gallery_child][dnxte_thumbs_gallery_child thumbs_gallery_top_image=&#8221;https:\/\/amortherapyservices.com\/wp-content\/uploads\/2022\/09\/10.jpg&#8221; _builder_version=&#8221;4.18.0&#8243; _module_preset=&#8221;default&#8221; border_radii=&#8221;on|10px|10px|10px|10px&#8221; global_colors_info=&#8221;{}&#8221;][\/dnxte_thumbs_gallery_child][dnxte_thumbs_gallery_child thumbs_gallery_top_image=&#8221;https:\/\/amortherapyservices.com\/wp-content\/uploads\/2022\/09\/11.jpg&#8221; _builder_version=&#8221;4.18.0&#8243; _module_preset=&#8221;default&#8221; border_radii=&#8221;on|10px|10px|10px|10px&#8221; global_colors_info=&#8221;{}&#8221;][\/dnxte_thumbs_gallery_child][dnxte_thumbs_gallery_child thumbs_gallery_top_image=&#8221;https:\/\/amortherapyservices.com\/wp-content\/uploads\/2022\/09\/12.jpg&#8221; _builder_version=&#8221;4.18.0&#8243; _module_preset=&#8221;default&#8221; border_radii=&#8221;on|10px|10px|10px|10px&#8221; global_colors_info=&#8221;{}&#8221;][\/dnxte_thumbs_gallery_child][dnxte_thumbs_gallery_child thumbs_gallery_top_image=&#8221;https:\/\/amortherapyservices.com\/wp-content\/uploads\/2022\/09\/13.jpg&#8221; _builder_version=&#8221;4.18.0&#8243; _module_preset=&#8221;default&#8221; border_radii=&#8221;on|10px|10px|10px|10px&#8221; global_colors_info=&#8221;{}&#8221;][\/dnxte_thumbs_gallery_child][\/dnxte_thumbs_gallery_parent][\/et_pb_column][\/et_pb_row][\/et_pb_section][et_pb_section fb_built=&#8221;1&#8243; _builder_version=&#8221;4.18.0&#8243; _module_preset=&#8221;default&#8221; background_image=&#8221;https:\/\/amortherapyservices.com\/wp-content\/uploads\/2022\/09\/1-1.jpg&#8221; global_colors_info=&#8221;{}&#8221;][et_pb_row _builder_version=&#8221;4.16&#8243; _module_preset=&#8221;default&#8221; width=&#8221;100%&#8221; max_width=&#8221;1240px&#8221; global_colors_info=&#8221;{}&#8221;][et_pb_column type=&#8221;4_4&#8243; _builder_version=&#8221;4.16&#8243; _module_preset=&#8221;default&#8221; global_colors_info=&#8221;{}&#8221;][dnxte_masonary gallery_ids=&#8221;248946,248947,248950,248953,248956,248949,248955,248951,248954,248948,335757,335758,335759,335760,335754,335753,335752,335751,335750,335749,335748,335746,335747,335745,335744,335743,335742&#8243; gallery_orderby=&#8221;rand&#8221; dnxte_gutter=&#8221;20&#8243; _builder_version=&#8221;4.18.0&#8243; _module_preset=&#8221;default&#8221; border_radii_image=&#8221;on|10px|10px|10px|10px&#8221; global_colors_info=&#8221;{}&#8221;][\/dnxte_masonary][\/et_pb_column][\/et_pb_row][\/et_pb_section]<\/p>\n","protected":false},"excerpt":{"rendered":"<p>Galer\u00edaNUESTRA GALER\u00cdA<div class=\"et_pb_with_border et_pb_module dnxte_thumbs_gallery_parent dnxte_thumbs_gallery_parent_0\">\n\t\t\t\t\n\t\t\t\t\n\t\t\t\t\n\t\t\t\t\n\t\t\t\t\n\t\t\t\t\n\t\t\t\t<div class=\"et_pb_module_inner\">\n\t\t\t\t\t<div class=\"et_pb_with_border et_pb_module dnxte_thumbs_gallery_parent dnxte_thumbs_gallery_parent_0\">\n\t\t\t\t\n\t\t\t\t\n\t\t\t\t\n\t\t\t\t\n\t\t\t\t\n\t\t\t\t\n\t\t\t\t<div class=\"et_pb_module_inner\">\n\t\t\t\t\t<div class=\"dnext_thumbs_gallery_top_holder\"><div class=\"swiper-container dnext-thumbs-gallery-top swiper-container-initialized swiper-container-horizontal\" data-autoplay=\"1\" data-delay=\"2000\" data-direction=\"horizontal\" data-speed=\"400\" data-loop=\"on\" data-pagination-type=\"none\" data-pagination-bullets=\"off\" data-breakpoints=\"1|1|1\" data-spacing=\"10\" data-grab=\"off\" data-center=\"on\" data-pauseonhover=\"\" data-keyboard=\"off\" data-mouse=\"off\">\n                <div class=\"swiper-wrapper dnext-thumbs-gallery-active\" data-lightbox=\"off\" data-orderclass=\"dnxte_thumbs_gallery_parent_0\">\n                    \n                <\/div>\n                <div class=\"swiper-pagination \"><\/div>\n            <\/div>\n            <\/div> <div class=\"swiper-container dnext-thumbs-gallery-bottom swiper-container-initialized swiper-container-horizontal\" data-autoplay=\"1\" data-delay=\"2000\" data-direction=\"horizontal\" data-speed=\"400\" data-loop=\"on\"  data-breakpoints=\"4|4|4\" data-spacing=\"30\" data-grab=\"on\" data-center=\"on\" data-pauseonhover=\"\" data-keyboard=\"on\" data-mouse=\"off\">\n                    <div class=\"swiper-wrapper dnext-thumbs-gallery-active\">\n                        \n                    <\/div>\n                <\/div> \n\t\t\t\t<\/div>\n\t\t\t<\/div>\n\t\t\t\t<\/div>\n\t\t\t<\/div><div class=\"et_pb_module dnxte_thumbs_gallery_child dnxte_thumbs_gallery_child_0\">\n\t\t\t\t\n\t\t\t\t\n\t\t\t\t\n\t\t\t\t\n\t\t\t\t\n\t\t\t\t\n\t\t\t\t<div class=\"et_pb_module_inner\">\n\t\t\t\t\t<a href=\"https:\/\/amortherapyservices.com\/wp-content\/uploads\/2022\/09\/1-5.jpg\" class=\"dnext-thumbs-gallery-top-image-link\" data-title=\"\"><img loading=\"lazy\" decoding=\"async\" width=\"1024\" height=\"683\" class=\"img-fluid wp-image-335742\" alt=\"Logo Item\" src=\"https:\/\/amortherapyservices.com\/wp-content\/uploads\/2022\/09\/1-5.jpg\" srcset=\"https:\/\/amortherapyservices.com\/wp-content\/uploads\/2022\/09\/1-5.jpg 1024w, https:\/\/amortherapyservices.com\/wp-content\/uploads\/2022\/09\/1-5-980x654.jpg 980w, https:\/\/amortherapyservices.com\/wp-content\/uploads\/2022\/09\/1-5-480x320.jpg 480w\" sizes=\"(min-width: 0px) and (max-width: 480px) 480px, (min-width: 481px) and (max-width: 980px) 980px, (min-width: 981px) 1024px, 100vw\" \/><\/a>\n            <div class=\"dnxte_thumbs_gallery_content\">\n                <h3 class=\"dnxte_thumbs_gallery_title\"><\/h3>\n                <div class=\"dnxte_thumbs_gallery_description\"><\/div>\n                \n            <\/div>\n\t\t\t\t<\/div>\n\t\t\t<\/div><div class=\"et_pb_module dnxte_thumbs_gallery_child dnxte_thumbs_gallery_child_1\">\n\t\t\t\t\n\t\t\t\t\n\t\t\t\t\n\t\t\t\t\n\t\t\t\t\n\t\t\t\t\n\t\t\t\t<div class=\"et_pb_module_inner\">\n\t\t\t\t\t<a href=\"https:\/\/amortherapyservices.com\/wp-content\/uploads\/2022\/09\/2-5.jpg\" class=\"dnext-thumbs-gallery-top-image-link\" data-title=\"\"><img loading=\"lazy\" decoding=\"async\" width=\"1024\" height=\"683\" class=\"img-fluid wp-image-335743\" alt=\"Logo Item\" src=\"https:\/\/amortherapyservices.com\/wp-content\/uploads\/2022\/09\/2-5.jpg\" srcset=\"https:\/\/amortherapyservices.com\/wp-content\/uploads\/2022\/09\/2-5.jpg 1024w, https:\/\/amortherapyservices.com\/wp-content\/uploads\/2022\/09\/2-5-980x654.jpg 980w, https:\/\/amortherapyservices.com\/wp-content\/uploads\/2022\/09\/2-5-480x320.jpg 480w\" sizes=\"(min-width: 0px) and (max-width: 480px) 480px, (min-width: 481px) and (max-width: 980px) 980px, (min-width: 981px) 1024px, 100vw\" \/><\/a>\n            <div class=\"dnxte_thumbs_gallery_content\">\n                <h3 class=\"dnxte_thumbs_gallery_title\"><\/h3>\n                <div class=\"dnxte_thumbs_gallery_description\"><\/div>\n                \n            <\/div>\n\t\t\t\t<\/div>\n\t\t\t<\/div><div class=\"et_pb_module dnxte_thumbs_gallery_child dnxte_thumbs_gallery_child_2\">\n\t\t\t\t\n\t\t\t\t\n\t\t\t\t\n\t\t\t\t\n\t\t\t\t\n\t\t\t\t\n\t\t\t\t<div class=\"et_pb_module_inner\">\n\t\t\t\t\t<a href=\"https:\/\/amortherapyservices.com\/wp-content\/uploads\/2022\/09\/3-5.jpg\" class=\"dnext-thumbs-gallery-top-image-link\" data-title=\"\"><img loading=\"lazy\" decoding=\"async\" width=\"1024\" height=\"683\" class=\"img-fluid wp-image-335744\" alt=\"Logo Item\" src=\"https:\/\/amortherapyservices.com\/wp-content\/uploads\/2022\/09\/3-5.jpg\" srcset=\"https:\/\/amortherapyservices.com\/wp-content\/uploads\/2022\/09\/3-5.jpg 1024w, https:\/\/amortherapyservices.com\/wp-content\/uploads\/2022\/09\/3-5-980x654.jpg 980w, https:\/\/amortherapyservices.com\/wp-content\/uploads\/2022\/09\/3-5-480x320.jpg 480w\" sizes=\"(min-width: 0px) and (max-width: 480px) 480px, (min-width: 481px) and (max-width: 980px) 980px, (min-width: 981px) 1024px, 100vw\" \/><\/a>\n            <div class=\"dnxte_thumbs_gallery_content\">\n                <h3 class=\"dnxte_thumbs_gallery_title\"><\/h3>\n                <div class=\"dnxte_thumbs_gallery_description\"><\/div>\n                \n            <\/div>\n\t\t\t\t<\/div>\n\t\t\t<\/div><div class=\"et_pb_module dnxte_thumbs_gallery_child dnxte_thumbs_gallery_child_3\">\n\t\t\t\t\n\t\t\t\t\n\t\t\t\t\n\t\t\t\t\n\t\t\t\t\n\t\t\t\t\n\t\t\t\t<div class=\"et_pb_module_inner\">\n\t\t\t\t\t<a href=\"https:\/\/amortherapyservices.com\/wp-content\/uploads\/2022\/09\/4-5.jpg\" class=\"dnext-thumbs-gallery-top-image-link\" data-title=\"\"><img loading=\"lazy\" decoding=\"async\" width=\"1024\" height=\"683\" class=\"img-fluid wp-image-335745\" alt=\"Logo Item\" src=\"https:\/\/amortherapyservices.com\/wp-content\/uploads\/2022\/09\/4-5.jpg\" srcset=\"https:\/\/amortherapyservices.com\/wp-content\/uploads\/2022\/09\/4-5.jpg 1024w, https:\/\/amortherapyservices.com\/wp-content\/uploads\/2022\/09\/4-5-980x654.jpg 980w, https:\/\/amortherapyservices.com\/wp-content\/uploads\/2022\/09\/4-5-480x320.jpg 480w\" sizes=\"(min-width: 0px) and (max-width: 480px) 480px, (min-width: 481px) and (max-width: 980px) 980px, (min-width: 981px) 1024px, 100vw\" \/><\/a>\n            <div class=\"dnxte_thumbs_gallery_content\">\n                <h3 class=\"dnxte_thumbs_gallery_title\"><\/h3>\n                <div class=\"dnxte_thumbs_gallery_description\"><\/div>\n                \n            <\/div>\n\t\t\t\t<\/div>\n\t\t\t<\/div><div class=\"et_pb_module dnxte_thumbs_gallery_child dnxte_thumbs_gallery_child_4\">\n\t\t\t\t\n\t\t\t\t\n\t\t\t\t\n\t\t\t\t\n\t\t\t\t\n\t\t\t\t\n\t\t\t\t<div class=\"et_pb_module_inner\">\n\t\t\t\t\t<a href=\"https:\/\/amortherapyservices.com\/wp-content\/uploads\/2022\/09\/5-2.jpg\" class=\"dnext-thumbs-gallery-top-image-link\" data-title=\"\"><img loading=\"lazy\" decoding=\"async\" width=\"1024\" height=\"683\" class=\"img-fluid wp-image-335746\" alt=\"Logo Item\" src=\"https:\/\/amortherapyservices.com\/wp-content\/uploads\/2022\/09\/5-2.jpg\" srcset=\"https:\/\/amortherapyservices.com\/wp-content\/uploads\/2022\/09\/5-2.jpg 1024w, https:\/\/amortherapyservices.com\/wp-content\/uploads\/2022\/09\/5-2-980x654.jpg 980w, https:\/\/amortherapyservices.com\/wp-content\/uploads\/2022\/09\/5-2-480x320.jpg 480w\" sizes=\"(min-width: 0px) and (max-width: 480px) 480px, (min-width: 481px) and (max-width: 980px) 980px, (min-width: 981px) 1024px, 100vw\" \/><\/a>\n            <div class=\"dnxte_thumbs_gallery_content\">\n                <h3 class=\"dnxte_thumbs_gallery_title\"><\/h3>\n                <div class=\"dnxte_thumbs_gallery_description\"><\/div>\n                \n            <\/div>\n\t\t\t\t<\/div>\n\t\t\t<\/div><div class=\"et_pb_module dnxte_thumbs_gallery_child dnxte_thumbs_gallery_child_5\">\n\t\t\t\t\n\t\t\t\t\n\t\t\t\t\n\t\t\t\t\n\t\t\t\t\n\t\t\t\t\n\t\t\t\t<div class=\"et_pb_module_inner\">\n\t\t\t\t\t<a href=\"https:\/\/amortherapyservices.com\/wp-content\/uploads\/2022\/09\/6.jpg\" class=\"dnext-thumbs-gallery-top-image-link\" data-title=\"\"><img loading=\"lazy\" decoding=\"async\" width=\"1024\" height=\"683\" class=\"img-fluid wp-image-335747\" alt=\"Logo Item\" src=\"https:\/\/amortherapyservices.com\/wp-content\/uploads\/2022\/09\/6.jpg\" srcset=\"https:\/\/amortherapyservices.com\/wp-content\/uploads\/2022\/09\/6.jpg 1024w, https:\/\/amortherapyservices.com\/wp-content\/uploads\/2022\/09\/6-980x654.jpg 980w, https:\/\/amortherapyservices.com\/wp-content\/uploads\/2022\/09\/6-480x320.jpg 480w\" sizes=\"(min-width: 0px) and (max-width: 480px) 480px, (min-width: 481px) and (max-width: 980px) 980px, (min-width: 981px) 1024px, 100vw\" \/><\/a>\n            <div class=\"dnxte_thumbs_gallery_content\">\n                <h3 class=\"dnxte_thumbs_gallery_title\"><\/h3>\n                <div class=\"dnxte_thumbs_gallery_description\"><\/div>\n                \n            <\/div>\n\t\t\t\t<\/div>\n\t\t\t<\/div><div class=\"et_pb_module dnxte_thumbs_gallery_child dnxte_thumbs_gallery_child_6\">\n\t\t\t\t\n\t\t\t\t\n\t\t\t\t\n\t\t\t\t\n\t\t\t\t\n\t\t\t\t\n\t\t\t\t<div class=\"et_pb_module_inner\">\n\t\t\t\t\t<a href=\"&#8221;https:\/\/amortherapyservices.com\/wp-content\/uploads\/2022\/09\/7.jpg&#8221;\" class=\"dnext-thumbs-gallery-top-image-link\" data-title=\"\"><img decoding=\"async\" class=\"img-fluid \" alt=\"Logo Item\" src=\"&#8221;https:\/\/amortherapyservices.com\/wp-content\/uploads\/2022\/09\/7.jpg&#8221;\"\/><\/a>\n            <div class=\"dnxte_thumbs_gallery_content\">\n                <h3 class=\"dnxte_thumbs_gallery_title\"><\/h3>\n                <div class=\"dnxte_thumbs_gallery_description\"><\/div>\n                \n            <\/div>\n\t\t\t\t<\/div>\n\t\t\t<\/div><\/p>\n","protected":false},"author":1,"featured_media":0,"parent":0,"menu_order":0,"comment_status":"closed","ping_status":"closed","template":"","meta":{"_et_pb_use_builder":"on","_et_pb_old_content":"","_et_gb_content_width":"","footnotes":""},"class_list":["post-336207","page","type-page","status-publish","hentry"],"yoast_head":"<!-- This site is optimized with the Yoast SEO plugin v26.5 - https:\/\/yoast.com\/wordpress\/plugins\/seo\/ -->\n<title>Nuestra Galer\u00eda - Amor Therapy Services<\/title>\n<meta name=\"robots\" content=\"index, follow, max-snippet:-1, max-image-preview:large, max-video-preview:-1\" \/>\n<link rel=\"canonical\" href=\"https:\/\/amortherapyservices.com\/es\/galeria\/\" \/>\n<meta property=\"og:locale\" content=\"es_ES\" \/>\n<meta property=\"og:type\" content=\"article\" \/>\n<meta property=\"og:title\" content=\"Nuestra Galer\u00eda - Amor Therapy Services\" \/>\n<meta property=\"og:description\" content=\"Galer\u00edaNUESTRA GALER\u00cdA\" \/>\n<meta property=\"og:url\" content=\"https:\/\/amortherapyservices.com\/es\/galeria\/\" \/>\n<meta property=\"og:site_name\" content=\"Amor Therapy Services\" \/>\n<meta property=\"article:modified_time\" content=\"2022-09-24T14:31:08+00:00\" \/>\n<meta name=\"twitter:card\" content=\"summary_large_image\" \/>\n<meta name=\"twitter:label1\" content=\"Tiempo de lectura\" \/>\n\t<meta name=\"twitter:data1\" content=\"5 minutos\" \/>\n<script type=\"application\/ld+json\" class=\"yoast-schema-graph\">{\"@context\":\"https:\/\/schema.org\",\"@graph\":[{\"@type\":\"WebPage\",\"@id\":\"https:\/\/amortherapyservices.com\/es\/galeria\/\",\"url\":\"https:\/\/amortherapyservices.com\/es\/galeria\/\",\"name\":\"Nuestra Galer\u00eda - Amor Therapy Services\",\"isPartOf\":{\"@id\":\"https:\/\/amortherapyservices.com\/#website\"},\"datePublished\":\"2022-09-02T02:02:32+00:00\",\"dateModified\":\"2022-09-24T14:31:08+00:00\",\"breadcrumb\":{\"@id\":\"https:\/\/amortherapyservices.com\/es\/galeria\/#breadcrumb\"},\"inLanguage\":\"es\",\"potentialAction\":[{\"@type\":\"ReadAction\",\"target\":[\"https:\/\/amortherapyservices.com\/es\/galeria\/\"]}]},{\"@type\":\"BreadcrumbList\",\"@id\":\"https:\/\/amortherapyservices.com\/es\/galeria\/#breadcrumb\",\"itemListElement\":[{\"@type\":\"ListItem\",\"position\":1,\"name\":\"Home\",\"item\":\"https:\/\/amortherapyservices.com\/es\/\"},{\"@type\":\"ListItem\",\"position\":2,\"name\":\"Galer\u00eda\"}]},{\"@type\":\"WebSite\",\"@id\":\"https:\/\/amortherapyservices.com\/#website\",\"url\":\"https:\/\/amortherapyservices.com\/\",\"name\":\"Amor Therapy Services\",\"description\":\"Enhancing children&#039;s lives\",\"potentialAction\":[{\"@type\":\"SearchAction\",\"target\":{\"@type\":\"EntryPoint\",\"urlTemplate\":\"https:\/\/amortherapyservices.com\/?s={search_term_string}\"},\"query-input\":{\"@type\":\"PropertyValueSpecification\",\"valueRequired\":true,\"valueName\":\"search_term_string\"}}],\"inLanguage\":\"es\"}]}<\/script>\n<!-- \/ Yoast SEO plugin. -->","yoast_head_json":{"title":"Nuestra Galer\u00eda - Amor Therapy Services","robots":{"index":"index","follow":"follow","max-snippet":"max-snippet:-1","max-image-preview":"max-image-preview:large","max-video-preview":"max-video-preview:-1"},"canonical":"https:\/\/amortherapyservices.com\/es\/galeria\/","og_locale":"es_ES","og_type":"article","og_title":"Nuestra Galer\u00eda - Amor Therapy Services","og_description":"Galer\u00edaNUESTRA GALER\u00cdA","og_url":"https:\/\/amortherapyservices.com\/es\/galeria\/","og_site_name":"Amor Therapy Services","article_modified_time":"2022-09-24T14:31:08+00:00","twitter_card":"summary_large_image","twitter_misc":{"Tiempo de lectura":"5 minutos"},"schema":{"@context":"https:\/\/schema.org","@graph":[{"@type":"WebPage","@id":"https:\/\/amortherapyservices.com\/es\/galeria\/","url":"https:\/\/amortherapyservices.com\/es\/galeria\/","name":"Nuestra Galer\u00eda - Amor Therapy Services","isPartOf":{"@id":"https:\/\/amortherapyservices.com\/#website"},"datePublished":"2022-09-02T02:02:32+00:00","dateModified":"2022-09-24T14:31:08+00:00","breadcrumb":{"@id":"https:\/\/amortherapyservices.com\/es\/galeria\/#breadcrumb"},"inLanguage":"es","potentialAction":[{"@type":"ReadAction","target":["https:\/\/amortherapyservices.com\/es\/galeria\/"]}]},{"@type":"BreadcrumbList","@id":"https:\/\/amortherapyservices.com\/es\/galeria\/#breadcrumb","itemListElement":[{"@type":"ListItem","position":1,"name":"Home","item":"https:\/\/amortherapyservices.com\/es\/"},{"@type":"ListItem","position":2,"name":"Galer\u00eda"}]},{"@type":"WebSite","@id":"https:\/\/amortherapyservices.com\/#website","url":"https:\/\/amortherapyservices.com\/","name":"Amor Therapy Services","description":"Enhancing children&#039;s lives","potentialAction":[{"@type":"SearchAction","target":{"@type":"EntryPoint","urlTemplate":"https:\/\/amortherapyservices.com\/?s={search_term_string}"},"query-input":{"@type":"PropertyValueSpecification","valueRequired":true,"valueName":"search_term_string"}}],"inLanguage":"es"}]}},"_links":{"self":[{"href":"https:\/\/amortherapyservices.com\/es\/wp-json\/wp\/v2\/pages\/336207","targetHints":{"allow":["GET"]}}],"collection":[{"href":"https:\/\/amortherapyservices.com\/es\/wp-json\/wp\/v2\/pages"}],"about":[{"href":"https:\/\/amortherapyservices.com\/es\/wp-json\/wp\/v2\/types\/page"}],"author":[{"embeddable":true,"href":"https:\/\/amortherapyservices.com\/es\/wp-json\/wp\/v2\/users\/1"}],"replies":[{"embeddable":true,"href":"https:\/\/amortherapyservices.com\/es\/wp-json\/wp\/v2\/comments?post=336207"}],"version-history":[{"count":2,"href":"https:\/\/amortherapyservices.com\/es\/wp-json\/wp\/v2\/pages\/336207\/revisions"}],"predecessor-version":[{"id":336209,"href":"https:\/\/amortherapyservices.com\/es\/wp-json\/wp\/v2\/pages\/336207\/revisions\/336209"}],"wp:attachment":[{"href":"https:\/\/amortherapyservices.com\/es\/wp-json\/wp\/v2\/media?parent=336207"}],"curies":[{"name":"wp","href":"https:\/\/api.w.org\/{rel}","templated":true}]}}