{"id":336216,"date":"2022-09-02T02:01:59","date_gmt":"2022-09-02T06:01:59","guid":{"rendered":"https:\/\/amortherapyservices.com\/servicios\/"},"modified":"2024-07-29T02:34:00","modified_gmt":"2024-07-29T06:34:00","slug":"servicios","status":"publish","type":"page","link":"https:\/\/amortherapyservices.com\/es\/servicios\/","title":{"rendered":"Servicios"},"content":{"rendered":"<p>[et_pb_section fb_built=&#8221;1&#8243; custom_padding_last_edited=&#8221;on|phone&#8221; next_background_color=&#8221;#ffffff&#8221; _builder_version=&#8221;4.18.0&#8243; _module_preset=&#8221;default&#8221; background_image=&#8221;https:\/\/amortherapyservices.com\/wp-content\/uploads\/2022\/09\/amortheraphycenter.services-1.jpg&#8221; background_position=&#8221;top_center&#8221; custom_padding=&#8221;0px||50px||false|false&#8221; custom_padding_tablet=&#8221;30px||30px||false|false&#8221; custom_padding_phone=&#8221;50px||50px||false|false&#8221; bottom_divider_style=&#8221;wave2&#8243; background_last_edited=&#8221;on|phone&#8221; background_image_phone=&#8221;https:\/\/amortherapyservices.com\/wp-content\/uploads\/2022\/09\/amortheraphycenter.services.mobile-1.jpg&#8221; background_enable_image_phone=&#8221;on&#8221; global_colors_info=&#8221;{}&#8221;][et_pb_row use_custom_gutter=&#8221;on&#8221; gutter_width=&#8221;2&#8243; make_equal=&#8221;on&#8221; custom_padding_last_edited=&#8221;on|phone&#8221; _builder_version=&#8221;4.18.0&#8243; _module_preset=&#8221;default&#8221; width=&#8221;90%&#8221; width_tablet=&#8221;70%&#8221; width_phone=&#8221;50%&#8221; width_last_edited=&#8221;on|tablet&#8221; max_width=&#8221;1200px&#8221; max_width_tablet=&#8221;70%&#8221; max_width_phone=&#8221;60%&#8221; max_width_last_edited=&#8221;on|desktop&#8221; custom_margin=&#8221;|||30vh|false|false&#8221; custom_margin_tablet=&#8221;|||15vh|false|false&#8221; custom_margin_phone=&#8221;|||10vh|false|false&#8221; custom_margin_last_edited=&#8221;on|tablet&#8221; custom_padding=&#8221;36vh|0px|36vh|0px|true|false&#8221; custom_padding_tablet=&#8221;15vh||15vh||true|false&#8221; custom_padding_phone=&#8221;10vh||10vh||true|false&#8221; animation_style=&#8221;slide&#8221; animation_direction=&#8221;top&#8221; animation_duration=&#8221;750ms&#8221; animation_speed_curve=&#8221;ease&#8221; global_colors_info=&#8221;{}&#8221;][et_pb_column type=&#8221;4_4&#8243; _builder_version=&#8221;4.16&#8243; _module_preset=&#8221;default&#8221; global_colors_info=&#8221;{}&#8221;][et_pb_text _builder_version=&#8221;4.18.0&#8243; _module_preset=&#8221;default&#8221; header_font=&#8221;Fredoka One||||||||&#8221; header_text_align=&#8221;left&#8221; header_text_color=&#8221;#FE566D&#8221; header_font_size=&#8221;85px&#8221; header_line_height=&#8221;1.2em&#8221; width=&#8221;55%&#8221; header_font_size_tablet=&#8221;50px&#8221; header_font_size_phone=&#8221;25px&#8221; header_font_size_last_edited=&#8221;on|phone&#8221; global_colors_info=&#8221;{}&#8221;]<\/p>\n<h1>Servicios<\/h1>\n<p>[\/et_pb_text][\/et_pb_column][\/et_pb_row][\/et_pb_section][et_pb_section fb_built=&#8221;1&#8243; _builder_version=&#8221;4.18.0&#8243; _module_preset=&#8221;default&#8221; custom_padding=&#8221;70px||0px|||&#8221; global_colors_info=&#8221;{}&#8221;][et_pb_row use_custom_gutter=&#8221;on&#8221; gutter_width=&#8221;2&#8243; make_equal=&#8221;on&#8221; _builder_version=&#8221;4.16&#8243; width=&#8221;90%&#8221; width_tablet=&#8221;90%&#8221; width_phone=&#8221;90%&#8221; width_last_edited=&#8221;on|tablet&#8221; max_width=&#8221;1170px&#8221; max_width_tablet=&#8221;90%&#8221; max_width_phone=&#8221;90%&#8221; max_width_last_edited=&#8221;on|desktop&#8221; custom_padding=&#8221;0px|0px|1px|0px|false|false&#8221; global_colors_info=&#8221;{}&#8221;][et_pb_column type=&#8221;4_4&#8243; _builder_version=&#8221;4.16&#8243; custom_padding=&#8221;|||&#8221; global_colors_info=&#8221;{}&#8221; custom_padding__hover=&#8221;|||&#8221;][et_pb_text _builder_version=&#8221;4.18.0&#8243; text_font=&#8221;Poppins|700|||||||&#8221; text_text_color=&#8221;#000000&#8243; text_font_size=&#8221;30px&#8221; header_2_font=&#8221;Fredoka One|||on|||||&#8221; header_2_text_align=&#8221;center&#8221; header_2_text_color=&#8221;#0579C9&#8243; header_2_font_size=&#8221;40px&#8221; text_orientation=&#8221;center&#8221; text_font_size_tablet=&#8221;&#8221; text_font_size_phone=&#8221;20px&#8221; text_font_size_last_edited=&#8221;on|desktop&#8221; header_2_font_size_tablet=&#8221;60px&#8221; header_2_font_size_phone=&#8221;40px&#8221; header_2_font_size_last_edited=&#8221;on|phone&#8221; global_colors_info=&#8221;{}&#8221;]<\/p>\n<h2>Nuestros servicios de terapia para ni\u00f1os<\/h2>\n<p>[\/et_pb_text][\/et_pb_column][\/et_pb_row][\/et_pb_section][et_pb_section fb_built=&#8221;1&#8243; _builder_version=&#8221;4.18.0&#8243; background_image=&#8221;https:\/\/amortherapyservices.com\/wp-content\/uploads\/2022\/09\/1-1.jpg&#8221; custom_padding=&#8221;80px|0px|80px|0px|true|false&#8221; global_colors_info=&#8221;{}&#8221;][et_pb_row column_structure=&#8221;1_2,1_2&#8243; make_equal=&#8221;on&#8221; padding_top_bottom_link_1=&#8221;false&#8221; _builder_version=&#8221;4.18.0&#8243; custom_padding=&#8221;|0px||0px|true|false&#8221; animation_direction=&#8221;right&#8221; global_colors_info=&#8221;{}&#8221;][et_pb_column type=&#8221;1_2&#8243; _builder_version=&#8221;4.16&#8243; custom_padding=&#8221;||40px|&#8221; global_colors_info=&#8221;{}&#8221; custom_padding__hover=&#8221;|||&#8221;][et_pb_text _builder_version=&#8221;4.18.0&#8243; text_font=&#8221;Poppins||||||||&#8221; text_text_color=&#8221;#000000&#8243; text_font_size=&#8221;17px&#8221; text_line_height=&#8221;1.8em&#8221; header_font=&#8221;Fredoka One|600|||||||&#8221; header_text_color=&#8221;#FE566D&#8221; header_letter_spacing=&#8221;1px&#8221; header_line_height=&#8221;1.3em&#8221; custom_margin=&#8221;71px|||||&#8221; header_font_size_tablet=&#8221;&#8221; header_font_size_phone=&#8221;20px&#8221; header_font_size_last_edited=&#8221;on|desktop&#8221; global_colors_info=&#8221;{}&#8221;]<\/p>\n<h1>Terapia conductual<\/h1>\n<p>Los ni\u00f1os pueden mejorar significativamente su vida con comportamientos m\u00e1s saludables. Podemos ayudar a tratar:<\/p>\n<p>[\/et_pb_text][et_pb_blurb title=&#8221;Social y de comunicaci\u00f3n&#8221; use_icon=&#8221;on&#8221; font_icon=&#8221;&#x5a;||divi||400&#8243; icon_color=&#8221;#0579C9&#8243; icon_placement=&#8221;left&#8221; image_icon_width=&#8221;25px&#8221; content_max_width=&#8221;100%&#8221; image_icon_width_tablet=&#8221;&#8221; image_icon_width_phone=&#8221;40px&#8221; image_icon_width_last_edited=&#8221;on|phone&#8221; _builder_version=&#8221;4.18.0&#8243; header_font=&#8221;Poppins|600|||||||&#8221; header_text_color=&#8221;#000000&#8243; header_font_size=&#8221;18px&#8221; header_line_height=&#8221;1.6em&#8221; body_font=&#8221;Roboto|300|||||||&#8221; body_text_color=&#8221;#000000&#8243; body_font_size=&#8221;15px&#8221; body_line_height=&#8221;1.8em&#8221; max_width=&#8221;443px&#8221; min_height=&#8221;32.8px&#8221; custom_margin=&#8221;0px||0px||false|false&#8221; custom_padding=&#8221;0px||0px||false|false&#8221; animation=&#8221;off&#8221; border_width_top_image=&#8221;6px&#8221; border_color_top_image=&#8221;rgba(0,0,0,0)&#8221; border_width_right_image=&#8221;9px&#8221; border_color_right_image=&#8221;rgba(0,0,0,0)&#8221; image_max_width=&#8221;80px&#8221; image_max_width_tablet=&#8221;&#8221; image_max_width_phone=&#8221;40px&#8221; image_max_width_last_edited=&#8221;on|phone&#8221; global_colors_info=&#8221;{}&#8221;][\/et_pb_blurb][et_pb_blurb title=&#8221;Vida cotidiana&#8221; use_icon=&#8221;on&#8221; font_icon=&#8221;&#x5a;||divi||400&#8243; icon_color=&#8221;#0579C9&#8243; icon_placement=&#8221;left&#8221; image_icon_width=&#8221;25px&#8221; content_max_width=&#8221;100%&#8221; image_icon_width_tablet=&#8221;&#8221; image_icon_width_phone=&#8221;40px&#8221; image_icon_width_last_edited=&#8221;on|phone&#8221; _builder_version=&#8221;4.18.0&#8243; header_font=&#8221;Poppins|600|||||||&#8221; header_text_color=&#8221;#000000&#8243; header_font_size=&#8221;18px&#8221; header_line_height=&#8221;1.6em&#8221; body_font=&#8221;Roboto|300|||||||&#8221; body_text_color=&#8221;#000000&#8243; body_font_size=&#8221;15px&#8221; body_line_height=&#8221;1.8em&#8221; max_width=&#8221;443px&#8221; min_height=&#8221;32.8px&#8221; custom_margin=&#8221;0px||0px||false|false&#8221; custom_padding=&#8221;0px||0px||false|false&#8221; animation=&#8221;off&#8221; border_width_top_image=&#8221;6px&#8221; border_color_top_image=&#8221;rgba(0,0,0,0)&#8221; border_width_right_image=&#8221;9px&#8221; border_color_right_image=&#8221;rgba(0,0,0,0)&#8221; image_max_width=&#8221;80px&#8221; image_max_width_tablet=&#8221;&#8221; image_max_width_phone=&#8221;40px&#8221; image_max_width_last_edited=&#8221;on|phone&#8221; global_colors_info=&#8221;{}&#8221;][\/et_pb_blurb][et_pb_blurb title=&#8221;Generalizaci\u00f3n positiva&#8221; use_icon=&#8221;on&#8221; font_icon=&#8221;&#x5a;||divi||400&#8243; icon_color=&#8221;#0579C9&#8243; icon_placement=&#8221;left&#8221; image_icon_width=&#8221;25px&#8221; content_max_width=&#8221;100%&#8221; image_icon_width_tablet=&#8221;&#8221; image_icon_width_phone=&#8221;40px&#8221; image_icon_width_last_edited=&#8221;on|phone&#8221; _builder_version=&#8221;4.18.0&#8243; header_font=&#8221;Poppins|600|||||||&#8221; header_text_color=&#8221;#000000&#8243; header_font_size=&#8221;18px&#8221; header_line_height=&#8221;1.6em&#8221; body_font=&#8221;Roboto|300|||||||&#8221; body_text_color=&#8221;#000000&#8243; body_font_size=&#8221;15px&#8221; body_line_height=&#8221;1.8em&#8221; max_width=&#8221;443px&#8221; min_height=&#8221;32.8px&#8221; custom_margin=&#8221;0px||0px||false|false&#8221; custom_padding=&#8221;0px||0px||false|false&#8221; animation=&#8221;off&#8221; border_width_top_image=&#8221;6px&#8221; border_color_top_image=&#8221;rgba(0,0,0,0)&#8221; border_width_right_image=&#8221;9px&#8221; border_color_right_image=&#8221;rgba(0,0,0,0)&#8221; image_max_width=&#8221;80px&#8221; image_max_width_tablet=&#8221;&#8221; image_max_width_phone=&#8221;40px&#8221; image_max_width_last_edited=&#8221;on|phone&#8221; global_colors_info=&#8221;{}&#8221;][\/et_pb_blurb][et_pb_blurb title=&#8221;Habilidades de comportamiento de atenci\u00f3n&#8221; use_icon=&#8221;on&#8221; font_icon=&#8221;&#x5a;||divi||400&#8243; icon_color=&#8221;#0579C9&#8243; icon_placement=&#8221;left&#8221; image_icon_width=&#8221;25px&#8221; content_max_width=&#8221;100%&#8221; image_icon_width_tablet=&#8221;&#8221; image_icon_width_phone=&#8221;40px&#8221; image_icon_width_last_edited=&#8221;on|phone&#8221; _builder_version=&#8221;4.18.0&#8243; header_font=&#8221;Poppins|600|||||||&#8221; header_text_color=&#8221;#000000&#8243; header_font_size=&#8221;18px&#8221; header_line_height=&#8221;1.6em&#8221; body_font=&#8221;Roboto|300|||||||&#8221; body_text_color=&#8221;#000000&#8243; body_font_size=&#8221;15px&#8221; body_line_height=&#8221;1.8em&#8221; max_width=&#8221;443px&#8221; min_height=&#8221;32.8px&#8221; custom_margin=&#8221;0px||0px||false|false&#8221; custom_padding=&#8221;0px||0px||false|false&#8221; animation=&#8221;off&#8221; border_width_top_image=&#8221;6px&#8221; border_color_top_image=&#8221;rgba(0,0,0,0)&#8221; border_width_right_image=&#8221;9px&#8221; border_color_right_image=&#8221;rgba(0,0,0,0)&#8221; image_max_width=&#8221;80px&#8221; image_max_width_tablet=&#8221;&#8221; image_max_width_phone=&#8221;40px&#8221; image_max_width_last_edited=&#8221;on|phone&#8221; global_colors_info=&#8221;{}&#8221;][\/et_pb_blurb][et_pb_blurb title=&#8221;Habilidades de comportamiento transitorio&#8221; use_icon=&#8221;on&#8221; font_icon=&#8221;&#x5a;||divi||400&#8243; icon_color=&#8221;#0579C9&#8243; icon_placement=&#8221;left&#8221; image_icon_width=&#8221;25px&#8221; content_max_width=&#8221;100%&#8221; image_icon_width_tablet=&#8221;&#8221; image_icon_width_phone=&#8221;40px&#8221; image_icon_width_last_edited=&#8221;on|phone&#8221; _builder_version=&#8221;4.18.0&#8243; header_font=&#8221;Poppins|600|||||||&#8221; header_text_color=&#8221;#000000&#8243; header_font_size=&#8221;18px&#8221; header_line_height=&#8221;1.6em&#8221; body_font=&#8221;Roboto|300|||||||&#8221; body_text_color=&#8221;#000000&#8243; body_font_size=&#8221;15px&#8221; body_line_height=&#8221;1.8em&#8221; max_width=&#8221;443px&#8221; min_height=&#8221;32.8px&#8221; custom_margin=&#8221;0px||0px||false|false&#8221; custom_padding=&#8221;0px||0px||false|false&#8221; animation=&#8221;off&#8221; border_width_top_image=&#8221;6px&#8221; border_color_top_image=&#8221;rgba(0,0,0,0)&#8221; border_width_right_image=&#8221;9px&#8221; border_color_right_image=&#8221;rgba(0,0,0,0)&#8221; image_max_width=&#8221;80px&#8221; image_max_width_tablet=&#8221;&#8221; image_max_width_phone=&#8221;40px&#8221; image_max_width_last_edited=&#8221;on|phone&#8221; global_colors_info=&#8221;{}&#8221;][\/et_pb_blurb][et_pb_blurb title=&#8221;Hogar, escuela y comunidad&#8221; use_icon=&#8221;on&#8221; font_icon=&#8221;&#x5a;||divi||400&#8243; icon_color=&#8221;#0579C9&#8243; icon_placement=&#8221;left&#8221; image_icon_width=&#8221;25px&#8221; content_max_width=&#8221;100%&#8221; image_icon_width_tablet=&#8221;&#8221; image_icon_width_phone=&#8221;40px&#8221; image_icon_width_last_edited=&#8221;on|phone&#8221; _builder_version=&#8221;4.18.0&#8243; header_font=&#8221;Poppins|600|||||||&#8221; header_text_color=&#8221;#000000&#8243; header_font_size=&#8221;18px&#8221; header_line_height=&#8221;1.6em&#8221; body_font=&#8221;Roboto|300|||||||&#8221; body_text_color=&#8221;#000000&#8243; body_font_size=&#8221;15px&#8221; body_line_height=&#8221;1.8em&#8221; max_width=&#8221;443px&#8221; min_height=&#8221;32.8px&#8221; custom_margin=&#8221;0px||0px||false|false&#8221; custom_padding=&#8221;0px||0px||false|false&#8221; animation=&#8221;off&#8221; border_width_top_image=&#8221;6px&#8221; border_color_top_image=&#8221;rgba(0,0,0,0)&#8221; border_width_right_image=&#8221;9px&#8221; border_color_right_image=&#8221;rgba(0,0,0,0)&#8221; image_max_width=&#8221;80px&#8221; image_max_width_tablet=&#8221;&#8221; image_max_width_phone=&#8221;40px&#8221; image_max_width_last_edited=&#8221;on|phone&#8221; global_colors_info=&#8221;{}&#8221;][\/et_pb_blurb][\/et_pb_column][et_pb_column type=&#8221;1_2&#8243; _builder_version=&#8221;4.18.0&#8243; background_image=&#8221;https:\/\/amortherapyservices.com\/wp-content\/uploads\/2022\/09\/1-4.jpg&#8221; custom_padding=&#8221;|||&#8221; box_shadow_style=&#8221;preset1&#8243; box_shadow_color=&#8221;#000000&#8243; global_colors_info=&#8221;{}&#8221; custom_padding__hover=&#8221;|||&#8221;][et_pb_divider show_divider=&#8221;off&#8221; disabled_on=&#8221;off|off|on&#8221; _builder_version=&#8221;4.16&#8243; custom_padding=&#8221;29%||29%||true&#8221; global_colors_info=&#8221;{}&#8221;][\/et_pb_divider][\/et_pb_column][\/et_pb_row][\/et_pb_section]<\/p>\n","protected":false},"excerpt":{"rendered":"<p>ServiciosNuestros servicios de terapia para ni\u00f1osTerapia conductual Los ni\u00f1os pueden mejorar significativamente su vida con comportamientos m\u00e1s saludables. Podemos ayudar a tratar:<\/p>\n","protected":false},"author":1,"featured_media":0,"parent":0,"menu_order":0,"comment_status":"closed","ping_status":"closed","template":"","meta":{"_et_pb_use_builder":"on","_et_pb_old_content":"","_et_gb_content_width":"","footnotes":""},"class_list":["post-336216","page","type-page","status-publish","hentry"],"yoast_head":"<!-- This site is optimized with the Yoast SEO plugin v26.5 - https:\/\/yoast.com\/wordpress\/plugins\/seo\/ -->\n<title>Servicios de terapia conductual pedi\u00e1trica Miami, intervenci\u00f3n conductual, terapia f\u00edsica, ocupacional y del habla Orlando - Amor Health Services<\/title>\n<meta name=\"robots\" content=\"index, follow, max-snippet:-1, max-image-preview:large, max-video-preview:-1\" \/>\n<link rel=\"canonical\" href=\"https:\/\/amortherapyservices.com\/es\/servicios\/\" \/>\n<meta property=\"og:locale\" content=\"es_ES\" \/>\n<meta property=\"og:type\" content=\"article\" \/>\n<meta property=\"og:title\" content=\"Servicios de terapia conductual pedi\u00e1trica Miami, intervenci\u00f3n conductual, terapia f\u00edsica, ocupacional y del habla Orlando - Amor Health Services\" \/>\n<meta property=\"og:description\" content=\"ServiciosNuestros servicios de terapia para ni\u00f1osTerapia conductual Los ni\u00f1os pueden mejorar significativamente su vida con comportamientos m\u00e1s saludables. Podemos ayudar a tratar:\" \/>\n<meta property=\"og:url\" content=\"https:\/\/amortherapyservices.com\/es\/servicios\/\" \/>\n<meta property=\"og:site_name\" content=\"Amor Therapy Services\" \/>\n<meta property=\"article:modified_time\" content=\"2024-07-29T06:34:00+00:00\" \/>\n<meta name=\"twitter:card\" content=\"summary_large_image\" \/>\n<meta name=\"twitter:label1\" content=\"Tiempo de lectura\" \/>\n\t<meta name=\"twitter:data1\" content=\"1 minuto\" \/>\n<script type=\"application\/ld+json\" class=\"yoast-schema-graph\">{\"@context\":\"https:\/\/schema.org\",\"@graph\":[{\"@type\":\"WebPage\",\"@id\":\"https:\/\/amortherapyservices.com\/es\/servicios\/\",\"url\":\"https:\/\/amortherapyservices.com\/es\/servicios\/\",\"name\":\"Servicios de terapia conductual pedi\u00e1trica Miami, intervenci\u00f3n conductual, terapia f\u00edsica, ocupacional y del habla Orlando - Amor Health Services\",\"isPartOf\":{\"@id\":\"https:\/\/amortherapyservices.com\/#website\"},\"datePublished\":\"2022-09-02T06:01:59+00:00\",\"dateModified\":\"2024-07-29T06:34:00+00:00\",\"breadcrumb\":{\"@id\":\"https:\/\/amortherapyservices.com\/es\/servicios\/#breadcrumb\"},\"inLanguage\":\"es\",\"potentialAction\":[{\"@type\":\"ReadAction\",\"target\":[\"https:\/\/amortherapyservices.com\/es\/servicios\/\"]}]},{\"@type\":\"BreadcrumbList\",\"@id\":\"https:\/\/amortherapyservices.com\/es\/servicios\/#breadcrumb\",\"itemListElement\":[{\"@type\":\"ListItem\",\"position\":1,\"name\":\"Home\",\"item\":\"https:\/\/amortherapyservices.com\/es\/\"},{\"@type\":\"ListItem\",\"position\":2,\"name\":\"Servicios\"}]},{\"@type\":\"WebSite\",\"@id\":\"https:\/\/amortherapyservices.com\/#website\",\"url\":\"https:\/\/amortherapyservices.com\/\",\"name\":\"Amor Therapy Services\",\"description\":\"Enhancing children&#039;s lives\",\"potentialAction\":[{\"@type\":\"SearchAction\",\"target\":{\"@type\":\"EntryPoint\",\"urlTemplate\":\"https:\/\/amortherapyservices.com\/?s={search_term_string}\"},\"query-input\":{\"@type\":\"PropertyValueSpecification\",\"valueRequired\":true,\"valueName\":\"search_term_string\"}}],\"inLanguage\":\"es\"}]}<\/script>\n<!-- \/ Yoast SEO plugin. -->","yoast_head_json":{"title":"Servicios de terapia conductual pedi\u00e1trica Miami, intervenci\u00f3n conductual, terapia f\u00edsica, ocupacional y del habla Orlando - Amor Health Services","robots":{"index":"index","follow":"follow","max-snippet":"max-snippet:-1","max-image-preview":"max-image-preview:large","max-video-preview":"max-video-preview:-1"},"canonical":"https:\/\/amortherapyservices.com\/es\/servicios\/","og_locale":"es_ES","og_type":"article","og_title":"Servicios de terapia conductual pedi\u00e1trica Miami, intervenci\u00f3n conductual, terapia f\u00edsica, ocupacional y del habla Orlando - Amor Health Services","og_description":"ServiciosNuestros servicios de terapia para ni\u00f1osTerapia conductual Los ni\u00f1os pueden mejorar significativamente su vida con comportamientos m\u00e1s saludables. Podemos ayudar a tratar:","og_url":"https:\/\/amortherapyservices.com\/es\/servicios\/","og_site_name":"Amor Therapy Services","article_modified_time":"2024-07-29T06:34:00+00:00","twitter_card":"summary_large_image","twitter_misc":{"Tiempo de lectura":"1 minuto"},"schema":{"@context":"https:\/\/schema.org","@graph":[{"@type":"WebPage","@id":"https:\/\/amortherapyservices.com\/es\/servicios\/","url":"https:\/\/amortherapyservices.com\/es\/servicios\/","name":"Servicios de terapia conductual pedi\u00e1trica Miami, intervenci\u00f3n conductual, terapia f\u00edsica, ocupacional y del habla Orlando - Amor Health Services","isPartOf":{"@id":"https:\/\/amortherapyservices.com\/#website"},"datePublished":"2022-09-02T06:01:59+00:00","dateModified":"2024-07-29T06:34:00+00:00","breadcrumb":{"@id":"https:\/\/amortherapyservices.com\/es\/servicios\/#breadcrumb"},"inLanguage":"es","potentialAction":[{"@type":"ReadAction","target":["https:\/\/amortherapyservices.com\/es\/servicios\/"]}]},{"@type":"BreadcrumbList","@id":"https:\/\/amortherapyservices.com\/es\/servicios\/#breadcrumb","itemListElement":[{"@type":"ListItem","position":1,"name":"Home","item":"https:\/\/amortherapyservices.com\/es\/"},{"@type":"ListItem","position":2,"name":"Servicios"}]},{"@type":"WebSite","@id":"https:\/\/amortherapyservices.com\/#website","url":"https:\/\/amortherapyservices.com\/","name":"Amor Therapy Services","description":"Enhancing children&#039;s lives","potentialAction":[{"@type":"SearchAction","target":{"@type":"EntryPoint","urlTemplate":"https:\/\/amortherapyservices.com\/?s={search_term_string}"},"query-input":{"@type":"PropertyValueSpecification","valueRequired":true,"valueName":"search_term_string"}}],"inLanguage":"es"}]}},"_links":{"self":[{"href":"https:\/\/amortherapyservices.com\/es\/wp-json\/wp\/v2\/pages\/336216","targetHints":{"allow":["GET"]}}],"collection":[{"href":"https:\/\/amortherapyservices.com\/es\/wp-json\/wp\/v2\/pages"}],"about":[{"href":"https:\/\/amortherapyservices.com\/es\/wp-json\/wp\/v2\/types\/page"}],"author":[{"embeddable":true,"href":"https:\/\/amortherapyservices.com\/es\/wp-json\/wp\/v2\/users\/1"}],"replies":[{"embeddable":true,"href":"https:\/\/amortherapyservices.com\/es\/wp-json\/wp\/v2\/comments?post=336216"}],"version-history":[{"count":9,"href":"https:\/\/amortherapyservices.com\/es\/wp-json\/wp\/v2\/pages\/336216\/revisions"}],"predecessor-version":[{"id":336664,"href":"https:\/\/amortherapyservices.com\/es\/wp-json\/wp\/v2\/pages\/336216\/revisions\/336664"}],"wp:attachment":[{"href":"https:\/\/amortherapyservices.com\/es\/wp-json\/wp\/v2\/media?parent=336216"}],"curies":[{"name":"wp","href":"https:\/\/api.w.org\/{rel}","templated":true}]}}