{"id":336234,"date":"2022-09-14T23:18:48","date_gmt":"2022-09-15T02:18:48","guid":{"rendered":"https:\/\/amortherapyservices.com\/servicios-de-terapia-para-el-habla-de-los-ninos\/"},"modified":"2024-07-29T02:42:29","modified_gmt":"2024-07-29T06:42:29","slug":"servicios-de-terapia-para-el-habla-de-los-ninos","status":"publish","type":"page","link":"https:\/\/amortherapyservices.com\/es\/servicios-de-terapia-para-el-habla-de-los-ninos\/","title":{"rendered":"Servicios de terapia para el habla de los ni\u00f1os"},"content":{"rendered":"<p>[et_pb_section fb_built=&#8221;1&#8243; custom_padding_last_edited=&#8221;on|phone&#8221; next_background_color=&#8221;#ffffff&#8221; _builder_version=&#8221;4.18.0&#8243; _module_preset=&#8221;default&#8221; background_image=&#8221;https:\/\/amortherapyservices.com\/wp-content\/uploads\/2022\/09\/13-1.jpg&#8221; background_position=&#8221;top_center&#8221; custom_padding=&#8221;0px||50px||false|false&#8221; custom_padding_tablet=&#8221;30px||30px||false|false&#8221; custom_padding_phone=&#8221;50px||50px||false|false&#8221; bottom_divider_style=&#8221;wave2&#8243; background_last_edited=&#8221;on|phone&#8221; background_image_tablet=&#8221;https:\/\/amortherapyservices.com\/wp-content\/uploads\/2022\/09\/amortheraphycenter.services.speech-1.jpg&#8221; background_image_phone=&#8221;https:\/\/amortherapyservices.com\/wp-content\/uploads\/2022\/09\/cabecera-extras-2.jpg&#8221; background_enable_image_tablet=&#8221;on&#8221; background_enable_image_phone=&#8221;on&#8221; global_colors_info=&#8221;{}&#8221;][et_pb_row use_custom_gutter=&#8221;on&#8221; gutter_width=&#8221;2&#8243; make_equal=&#8221;on&#8221; custom_padding_last_edited=&#8221;on|phone&#8221; _builder_version=&#8221;4.18.0&#8243; _module_preset=&#8221;default&#8221; width=&#8221;90%&#8221; width_tablet=&#8221;90%&#8221; width_phone=&#8221;90%&#8221; width_last_edited=&#8221;on|tablet&#8221; max_width=&#8221;1200px&#8221; max_width_tablet=&#8221;90%&#8221; max_width_phone=&#8221;90%&#8221; max_width_last_edited=&#8221;on|desktop&#8221; custom_margin=&#8221;0vh|auto|0vh|30vh|true|false&#8221; custom_margin_tablet=&#8221;20vh||20vh|15vh|true|false&#8221; custom_margin_phone=&#8221;|||5vh|true|false&#8221; custom_margin_last_edited=&#8221;on|phone&#8221; custom_padding=&#8221;45vh|0px|30vh|0px|false|false&#8221; custom_padding_tablet=&#8221;0vh||10px||false|false&#8221; custom_padding_phone=&#8221;0vh||0vh||true|false&#8221; animation_style=&#8221;slide&#8221; animation_direction=&#8221;top&#8221; animation_duration=&#8221;750ms&#8221; animation_speed_curve=&#8221;ease&#8221; global_colors_info=&#8221;{}&#8221;][et_pb_column type=&#8221;4_4&#8243; _builder_version=&#8221;4.16&#8243; _module_preset=&#8221;default&#8221; global_colors_info=&#8221;{}&#8221;][et_pb_text _builder_version=&#8221;4.18.0&#8243; _module_preset=&#8221;default&#8221; header_font=&#8221;Fredoka One||||||||&#8221; header_text_align=&#8221;left&#8221; header_text_color=&#8221;#0579C9&#8243; header_font_size=&#8221;74px&#8221; header_line_height=&#8221;1.2em&#8221; width=&#8221;54%&#8221; hover_enabled=&#8221;0&#8243; header_font_size_tablet=&#8221;50px&#8221; header_font_size_phone=&#8221;25px&#8221; header_font_size_last_edited=&#8221;on|phone&#8221; global_colors_info=&#8221;{}&#8221; sticky_enabled=&#8221;0&#8243; custom_margin=&#8221;-34px|||||&#8221;]<\/p>\n<h1>Logopedia<\/h1>\n<p>[\/et_pb_text][\/et_pb_column][\/et_pb_row][\/et_pb_section][et_pb_section fb_built=&#8221;1&#8243; make_equal=&#8221;on&#8221; use_custom_gutter=&#8221;on&#8221; gutter_width=&#8221;2&#8243; specialty=&#8221;on&#8221; custom_padding_last_edited=&#8221;on|desktop&#8221; _builder_version=&#8221;4.16&#8243; inner_width=&#8221;92%&#8221; inner_width_tablet=&#8221;92%&#8221; inner_width_phone=&#8221;92%&#8221; inner_width_last_edited=&#8221;on|tablet&#8221; inner_max_width=&#8221;1200px&#8221; inner_max_width_tablet=&#8221;92%&#8221; inner_max_width_phone=&#8221;92%&#8221; inner_max_width_last_edited=&#8221;on|phone&#8221; custom_padding=&#8221;80px||1px||false|&#8221; custom_padding_tablet=&#8221;27px||&#8221; custom_padding_phone=&#8221;30px||&#8221; global_colors_info=&#8221;{}&#8221;][et_pb_column type=&#8221;1_2&#8243; specialty_columns=&#8221;2&#8243; _builder_version=&#8221;4.16&#8243; custom_padding=&#8221;|||&#8221; global_colors_info=&#8221;{}&#8221; custom_padding__hover=&#8221;|||&#8221;][et_pb_row_inner _builder_version=&#8221;4.16&#8243; custom_padding=&#8221;||4px|||&#8221; global_colors_info=&#8221;{}&#8221;][et_pb_column_inner saved_specialty_column_type=&#8221;1_2&#8243; _builder_version=&#8221;4.16&#8243; custom_padding=&#8221;|||&#8221; global_colors_info=&#8221;{}&#8221; custom_padding__hover=&#8221;|||&#8221;][et_pb_text _builder_version=&#8221;4.18.0&#8243; header_font=&#8221;Fredoka One|700|||||||&#8221; header_text_color=&#8221;#FE566D&#8221; header_font_size=&#8221;35px&#8221; header_line_height=&#8221;1.3em&#8221; max_width=&#8221;500px&#8221; custom_margin=&#8221;||&#8221; header_font_size_tablet=&#8221;&#8221; header_font_size_phone=&#8221;25px&#8221; header_font_size_last_edited=&#8221;on|desktop&#8221; global_colors_info=&#8221;{}&#8221;]<\/p>\n<h1>\u00bfQu\u00e9 es la logopedia?<\/h1>\n<p>[\/et_pb_text][et_pb_text _builder_version=&#8221;4.18.0&#8243; _module_preset=&#8221;default&#8221; text_font=&#8221;Poppins||||||||&#8221; text_text_color=&#8221;#000000&#8243; text_font_size=&#8221;19px&#8221; text_line_height=&#8221;1.8em&#8221; custom_margin=&#8221;-32px|||||&#8221; global_colors_info=&#8221;{}&#8221;]<\/p>\n<p>La logopedia es un tratamiento para ni\u00f1os con trastornos del habla o del lenguaje.<\/p>\n<p><span style=\"color: #0579c9;\">\u00bfQu\u00e9 son los trastornos del habla?<\/span><br \/>Los trastornos del habla se refieren a problemas para emitir sonidos.<\/p>\n<p><span style=\"color: #0579c9;\">\u00bfQu\u00e9 son los trastornos del lenguaje?<\/span><br \/>Los trastornos del lenguaje se refieren a un problema de comprensi\u00f3n o de uni\u00f3n de palabras para comunicarse con los dem\u00e1s.<\/p>\n<p>[\/et_pb_text][\/et_pb_column_inner][\/et_pb_row_inner][\/et_pb_column][et_pb_column type=&#8221;1_2&#8243; _builder_version=&#8221;4.16&#8243; custom_padding=&#8221;|||&#8221; global_colors_info=&#8221;{}&#8221; custom_padding__hover=&#8221;|||&#8221;][et_pb_video src=&#8221;https:\/\/www.youtube.com\/watch?v=FkQuawiGWUw&#8221; thumbnail_overlay_color=&#8221;rgba(0,0,0,0.6)&#8221; _builder_version=&#8221;4.18.0&#8243; animation_direction=&#8221;right&#8221; border_radii=&#8221;on|30px|30px|30px|30px&#8221; box_shadow_style=&#8221;preset1&#8243; box_shadow_color=&#8221;#000000&#8243; global_colors_info=&#8221;{}&#8221;][\/et_pb_video][\/et_pb_column][\/et_pb_section][et_pb_section fb_built=&#8221;1&#8243; _builder_version=&#8221;4.18.0&#8243; _module_preset=&#8221;default&#8221; custom_padding=&#8221;20px||9px|||&#8221; global_colors_info=&#8221;{}&#8221;][et_pb_row _builder_version=&#8221;4.18.0&#8243; _module_preset=&#8221;default&#8221; custom_margin=&#8221;10px|auto||auto||&#8221; custom_padding=&#8221;0px||3px|||&#8221; global_colors_info=&#8221;{}&#8221;][et_pb_column type=&#8221;4_4&#8243; _builder_version=&#8221;4.18.0&#8243; _module_preset=&#8221;default&#8221; global_colors_info=&#8221;{}&#8221;][dnxte_button button_text=&#8221;Solicitar una Evaluaci\u00f3n&#8221; button_link=&#8221;@ET-DC@eyJkeW5hbWljIjp0cnVlLCJjb250ZW50IjoicG9zdF9saW5rX3VybF9wYWdlIiwic2V0dGluZ3MiOnsicG9zdF9pZCI6IjMzNTkxMiJ9fQ==@&#8221; dnxt_button_alignment=&#8221;center&#8221; btn_show_hide=&#8221;off&#8221; dnxt_hover_2d=&#8221;dnxt-hover-bounce-in&#8221; dnxt_hover_bg_color=&#8221;#000000&#8243; _builder_version=&#8221;4.18.0&#8243; _dynamic_attributes=&#8221;button_link&#8221; _module_preset=&#8221;default&#8221; btn_fonts_font=&#8221;Poppins|500|||||||&#8221; btn_fonts_text_color=&#8221;#ffffff&#8221; btn_fonts_font_size=&#8221;21px&#8221; btn_fonts_line_height=&#8221;2.4em&#8221; background_color=&#8221;#0c71c3&#8243; use_background_color_gradient=&#8221;on&#8221; background_color_gradient_type=&#8221;linear&#8221; background_color_gradient_direction=&#8221;110deg&#8221; background_color_gradient_stops=&#8221;rgba(56,129,255,0.62) 11%|#51d3ff 100%&#8221; background_color_gradient_start=&#8221;rgba(56,129,255,0.62)&#8221; background_color_gradient_start_position=&#8221;11%&#8221; background_color_gradient_end=&#8221;#51d3ff&#8221; custom_margin=&#8221;4px||0px||false|false&#8221; custom_padding=&#8221;0px|32px|0px|32px|true|true&#8221; hover_enabled=&#8221;0&#8243; border_radii_btn_border=&#8221;on|35px|35px|35px|35px&#8221; border_width_all_btn_border=&#8221;0px&#8221; border_color_all_btn_border=&#8221;#0c71c3&#8243; box_shadow_style=&#8221;preset1&#8243; box_shadow_vertical=&#8221;0px&#8221; box_shadow_blur=&#8221;60px&#8221; box_shadow_color=&#8221;rgba(0,0,0,0)&#8221; global_colors_info=&#8221;{}&#8221; box_shadow_color__hover=&#8221;rgba(81,211,255,0.58)&#8221; box_shadow_color__hover_enabled=&#8221;on|hover&#8221; sticky_enabled=&#8221;0&#8243;][\/dnxte_button][\/et_pb_column][\/et_pb_row][\/et_pb_section]<\/p>\n","protected":false},"excerpt":{"rendered":"<p>Logopedia\u00bfQu\u00e9 es la logopedia?La logopedia es un tratamiento para ni\u00f1os con trastornos del habla o del lenguaje. \u00bfQu\u00e9 son los trastornos del habla?Los trastornos del habla se refieren a problemas para emitir sonidos. \u00bfQu\u00e9 son los trastornos del lenguaje?Los trastornos del lenguaje se refieren a un problema de comprensi\u00f3n o de uni\u00f3n de palabras para [&hellip;]<\/p>\n","protected":false},"author":1,"featured_media":0,"parent":0,"menu_order":0,"comment_status":"closed","ping_status":"closed","template":"","meta":{"_et_pb_use_builder":"on","_et_pb_old_content":"","_et_gb_content_width":"","footnotes":""},"class_list":["post-336234","page","type-page","status-publish","hentry"],"yoast_head":"<!-- This site is optimized with the Yoast SEO plugin v26.5 - https:\/\/yoast.com\/wordpress\/plugins\/seo\/ -->\n<title>Servicios de terapia para el habla de los ni\u00f1os en Miami &amp; Orlando, FL - Amor Therapy Services<\/title>\n<meta name=\"robots\" content=\"index, follow, max-snippet:-1, max-image-preview:large, max-video-preview:-1\" \/>\n<link rel=\"canonical\" href=\"https:\/\/amortherapyservices.com\/es\/servicios-de-terapia-para-el-habla-de-los-ninos\/\" \/>\n<meta property=\"og:locale\" content=\"es_ES\" \/>\n<meta property=\"og:type\" content=\"article\" \/>\n<meta property=\"og:title\" content=\"Servicios de terapia para el habla de los ni\u00f1os en Miami &amp; Orlando, FL - Amor Therapy Services\" \/>\n<meta property=\"og:description\" content=\"Logopedia\u00bfQu\u00e9 es la logopedia?La logopedia es un tratamiento para ni\u00f1os con trastornos del habla o del lenguaje. \u00bfQu\u00e9 son los trastornos del habla?Los trastornos del habla se refieren a problemas para emitir sonidos. \u00bfQu\u00e9 son los trastornos del lenguaje?Los trastornos del lenguaje se refieren a un problema de comprensi\u00f3n o de uni\u00f3n de palabras para [&hellip;]\" \/>\n<meta property=\"og:url\" content=\"https:\/\/amortherapyservices.com\/es\/servicios-de-terapia-para-el-habla-de-los-ninos\/\" \/>\n<meta property=\"og:site_name\" content=\"Amor Therapy Services\" \/>\n<meta property=\"article:modified_time\" content=\"2024-07-29T06:42:29+00:00\" \/>\n<meta name=\"twitter:card\" content=\"summary_large_image\" \/>\n<meta name=\"twitter:label1\" content=\"Tiempo de lectura\" \/>\n\t<meta name=\"twitter:data1\" content=\"1 minuto\" \/>\n<script type=\"application\/ld+json\" class=\"yoast-schema-graph\">{\"@context\":\"https:\/\/schema.org\",\"@graph\":[{\"@type\":\"WebPage\",\"@id\":\"https:\/\/amortherapyservices.com\/es\/servicios-de-terapia-para-el-habla-de-los-ninos\/\",\"url\":\"https:\/\/amortherapyservices.com\/es\/servicios-de-terapia-para-el-habla-de-los-ninos\/\",\"name\":\"Servicios de terapia para el habla de los ni\u00f1os en Miami & Orlando, FL - Amor Therapy Services\",\"isPartOf\":{\"@id\":\"https:\/\/amortherapyservices.com\/#website\"},\"datePublished\":\"2022-09-15T02:18:48+00:00\",\"dateModified\":\"2024-07-29T06:42:29+00:00\",\"breadcrumb\":{\"@id\":\"https:\/\/amortherapyservices.com\/es\/servicios-de-terapia-para-el-habla-de-los-ninos\/#breadcrumb\"},\"inLanguage\":\"es\",\"potentialAction\":[{\"@type\":\"ReadAction\",\"target\":[\"https:\/\/amortherapyservices.com\/es\/servicios-de-terapia-para-el-habla-de-los-ninos\/\"]}]},{\"@type\":\"BreadcrumbList\",\"@id\":\"https:\/\/amortherapyservices.com\/es\/servicios-de-terapia-para-el-habla-de-los-ninos\/#breadcrumb\",\"itemListElement\":[{\"@type\":\"ListItem\",\"position\":1,\"name\":\"Home\",\"item\":\"https:\/\/amortherapyservices.com\/es\/\"},{\"@type\":\"ListItem\",\"position\":2,\"name\":\"Servicios de terapia para el habla de los ni\u00f1os\"}]},{\"@type\":\"WebSite\",\"@id\":\"https:\/\/amortherapyservices.com\/#website\",\"url\":\"https:\/\/amortherapyservices.com\/\",\"name\":\"Amor Therapy Services\",\"description\":\"Enhancing children&#039;s lives\",\"potentialAction\":[{\"@type\":\"SearchAction\",\"target\":{\"@type\":\"EntryPoint\",\"urlTemplate\":\"https:\/\/amortherapyservices.com\/?s={search_term_string}\"},\"query-input\":{\"@type\":\"PropertyValueSpecification\",\"valueRequired\":true,\"valueName\":\"search_term_string\"}}],\"inLanguage\":\"es\"}]}<\/script>\n<!-- \/ Yoast SEO plugin. -->","yoast_head_json":{"title":"Servicios de terapia para el habla de los ni\u00f1os en Miami & Orlando, FL - Amor Therapy Services","robots":{"index":"index","follow":"follow","max-snippet":"max-snippet:-1","max-image-preview":"max-image-preview:large","max-video-preview":"max-video-preview:-1"},"canonical":"https:\/\/amortherapyservices.com\/es\/servicios-de-terapia-para-el-habla-de-los-ninos\/","og_locale":"es_ES","og_type":"article","og_title":"Servicios de terapia para el habla de los ni\u00f1os en Miami & Orlando, FL - Amor Therapy Services","og_description":"Logopedia\u00bfQu\u00e9 es la logopedia?La logopedia es un tratamiento para ni\u00f1os con trastornos del habla o del lenguaje. \u00bfQu\u00e9 son los trastornos del habla?Los trastornos del habla se refieren a problemas para emitir sonidos. \u00bfQu\u00e9 son los trastornos del lenguaje?Los trastornos del lenguaje se refieren a un problema de comprensi\u00f3n o de uni\u00f3n de palabras para [&hellip;]","og_url":"https:\/\/amortherapyservices.com\/es\/servicios-de-terapia-para-el-habla-de-los-ninos\/","og_site_name":"Amor Therapy Services","article_modified_time":"2024-07-29T06:42:29+00:00","twitter_card":"summary_large_image","twitter_misc":{"Tiempo de lectura":"1 minuto"},"schema":{"@context":"https:\/\/schema.org","@graph":[{"@type":"WebPage","@id":"https:\/\/amortherapyservices.com\/es\/servicios-de-terapia-para-el-habla-de-los-ninos\/","url":"https:\/\/amortherapyservices.com\/es\/servicios-de-terapia-para-el-habla-de-los-ninos\/","name":"Servicios de terapia para el habla de los ni\u00f1os en Miami & Orlando, FL - Amor Therapy Services","isPartOf":{"@id":"https:\/\/amortherapyservices.com\/#website"},"datePublished":"2022-09-15T02:18:48+00:00","dateModified":"2024-07-29T06:42:29+00:00","breadcrumb":{"@id":"https:\/\/amortherapyservices.com\/es\/servicios-de-terapia-para-el-habla-de-los-ninos\/#breadcrumb"},"inLanguage":"es","potentialAction":[{"@type":"ReadAction","target":["https:\/\/amortherapyservices.com\/es\/servicios-de-terapia-para-el-habla-de-los-ninos\/"]}]},{"@type":"BreadcrumbList","@id":"https:\/\/amortherapyservices.com\/es\/servicios-de-terapia-para-el-habla-de-los-ninos\/#breadcrumb","itemListElement":[{"@type":"ListItem","position":1,"name":"Home","item":"https:\/\/amortherapyservices.com\/es\/"},{"@type":"ListItem","position":2,"name":"Servicios de terapia para el habla de los ni\u00f1os"}]},{"@type":"WebSite","@id":"https:\/\/amortherapyservices.com\/#website","url":"https:\/\/amortherapyservices.com\/","name":"Amor Therapy Services","description":"Enhancing children&#039;s lives","potentialAction":[{"@type":"SearchAction","target":{"@type":"EntryPoint","urlTemplate":"https:\/\/amortherapyservices.com\/?s={search_term_string}"},"query-input":{"@type":"PropertyValueSpecification","valueRequired":true,"valueName":"search_term_string"}}],"inLanguage":"es"}]}},"_links":{"self":[{"href":"https:\/\/amortherapyservices.com\/es\/wp-json\/wp\/v2\/pages\/336234","targetHints":{"allow":["GET"]}}],"collection":[{"href":"https:\/\/amortherapyservices.com\/es\/wp-json\/wp\/v2\/pages"}],"about":[{"href":"https:\/\/amortherapyservices.com\/es\/wp-json\/wp\/v2\/types\/page"}],"author":[{"embeddable":true,"href":"https:\/\/amortherapyservices.com\/es\/wp-json\/wp\/v2\/users\/1"}],"replies":[{"embeddable":true,"href":"https:\/\/amortherapyservices.com\/es\/wp-json\/wp\/v2\/comments?post=336234"}],"version-history":[{"count":5,"href":"https:\/\/amortherapyservices.com\/es\/wp-json\/wp\/v2\/pages\/336234\/revisions"}],"predecessor-version":[{"id":336674,"href":"https:\/\/amortherapyservices.com\/es\/wp-json\/wp\/v2\/pages\/336234\/revisions\/336674"}],"wp:attachment":[{"href":"https:\/\/amortherapyservices.com\/es\/wp-json\/wp\/v2\/media?parent=336234"}],"curies":[{"name":"wp","href":"https:\/\/api.w.org\/{rel}","templated":true}]}}