{"id":336592,"date":"2024-03-18T09:06:08","date_gmt":"2024-03-18T12:06:08","guid":{"rendered":"https:\/\/amortherapyservices.com\/?page_id=336592"},"modified":"2024-03-18T09:48:54","modified_gmt":"2024-03-18T12:48:54","slug":"site-map","status":"publish","type":"page","link":"https:\/\/amortherapyservices.com\/es\/site-map\/","title":{"rendered":"Sitemap"},"content":{"rendered":"<p>[et_pb_section fb_built=&#8221;1&#8243; custom_padding_last_edited=&#8221;on|phone&#8221; next_background_color=&#8221;#ffffff&#8221; _builder_version=&#8221;4.18.0&#8243; _module_preset=&#8221;default&#8221; background_image=&#8221;https:\/\/amortherapyservices.com\/wp-content\/uploads\/2022\/09\/2-3.jpg&#8221; background_position=&#8221;top_center&#8221; custom_padding=&#8221;0px||50px||false|false&#8221; custom_padding_tablet=&#8221;30px||30px||false|false&#8221; custom_padding_phone=&#8221;50px||50px||false|false&#8221; bottom_divider_style=&#8221;wave2&#8243; background_last_edited=&#8221;on|phone&#8221; background_image_tablet=&#8221;https:\/\/amortherapyservices.com\/wp-content\/uploads\/2022\/09\/cabecera-extras-6.jpg&#8221; background_image_phone=&#8221;https:\/\/amortherapyservices.com\/wp-content\/uploads\/2022\/09\/cabecera-extras-7.jpg&#8221; background_enable_image_tablet=&#8221;on&#8221; background_enable_image_phone=&#8221;on&#8221; global_colors_info=&#8221;{}&#8221;][et_pb_row use_custom_gutter=&#8221;on&#8221; gutter_width=&#8221;2&#8243; make_equal=&#8221;on&#8221; custom_padding_last_edited=&#8221;on|phone&#8221; _builder_version=&#8221;4.18.0&#8243; _module_preset=&#8221;default&#8221; width=&#8221;90%&#8221; width_tablet=&#8221;60%&#8221; width_phone=&#8221;90%&#8221; width_last_edited=&#8221;on|tablet&#8221; max_width=&#8221;1200px&#8221; max_width_tablet=&#8221;60%&#8221; max_width_phone=&#8221;90%&#8221; max_width_last_edited=&#8221;on|desktop&#8221; custom_margin=&#8221;|||30vh|true|false&#8221; custom_margin_tablet=&#8221;20vh||20vh|8vh|true|false&#8221; custom_margin_phone=&#8221;20vh||20vh|8vh|true|false&#8221; custom_margin_last_edited=&#8221;on|tablet&#8221; custom_padding=&#8221;36vh|0px|36vh|0px|true|false&#8221; custom_padding_tablet=&#8221;0vh||10px||false|false&#8221; custom_padding_phone=&#8221;0vh||0vh||true|false&#8221; animation_style=&#8221;slide&#8221; animation_direction=&#8221;top&#8221; animation_duration=&#8221;750ms&#8221; animation_speed_curve=&#8221;ease&#8221; global_colors_info=&#8221;{}&#8221;][et_pb_column type=&#8221;4_4&#8243; _builder_version=&#8221;4.16&#8243; _module_preset=&#8221;default&#8221; global_colors_info=&#8221;{}&#8221;][et_pb_text _builder_version=&#8221;4.24.0&#8243; _module_preset=&#8221;default&#8221; header_font=&#8221;Fredoka One||||||||&#8221; header_text_align=&#8221;left&#8221; header_text_color=&#8221;#9BD7F1&#8243; header_font_size=&#8221;81px&#8221; header_line_height=&#8221;1.2em&#8221; width=&#8221;54%&#8221; hover_enabled=&#8221;0&#8243; header_font_size_tablet=&#8221;50px&#8221; header_font_size_phone=&#8221;25px&#8221; header_font_size_last_edited=&#8221;on|phone&#8221; global_colors_info=&#8221;{}&#8221; sticky_enabled=&#8221;0&#8243;]<\/p>\n<h1>Site Map<\/h1>\n<p>[\/et_pb_text][\/et_pb_column][\/et_pb_row][\/et_pb_section][et_pb_section fb_built=&#8221;1&#8243; admin_label=&#8221;1&#8243; _builder_version=&#8221;4.18.0&#8243; background_enable_color=&#8221;off&#8221; custom_padding=&#8221;0px||0px||true|&#8221; global_colors_info=&#8221;{}&#8221;][et_pb_row use_custom_gutter=&#8221;on&#8221; gutter_width=&#8221;2&#8243; make_equal=&#8221;on&#8221; _builder_version=&#8221;4.16&#8243; global_colors_info=&#8221;{}&#8221;][et_pb_column type=&#8221;4_4&#8243; _builder_version=&#8221;4.16&#8243; custom_padding=&#8221;|||&#8221; global_colors_info=&#8221;{}&#8221; custom_padding__hover=&#8221;|||&#8221;][et_pb_text _builder_version=&#8221;4.24.0&#8243; _module_preset=&#8221;default&#8221; global_colors_info=&#8221;{}&#8221;]<\/p>\n<p><a href=\"https:\/\/amortherapyservices.com\/es\/\"><strong>Inicio<\/strong><\/a><\/p>\n<ul>\n<li><a href=\"https:\/\/amortherapyservices.com\/es\/gracias\/\">Gracias<\/a><\/li>\n<li><a href=\"https:\/\/amortherapyservices.com\/es\/galeria\/\">Galer\u00eda<\/a><\/li>\n<li><a href=\"https:\/\/amortherapyservices.com\/es\/sobre-nosotros\/\">Sobre Nosotros<\/a><\/li>\n<li><a href=\"https:\/\/amortherapyservices.com\/es\/servicios-de-terapia-ocupacional-para-ninos\/\">Servicios De Terapia Ocupacional Para Ni\u00f1os<\/a><\/li>\n<li><a href=\"https:\/\/amortherapyservices.com\/es\/servicios-de-terapia-fisica-para-ninos\/\">Servicios De Terapia F\u00edsica Para Ni\u00f1os<\/a><\/li>\n<li><a href=\"https:\/\/amortherapyservices.com\/es\/contacto\/\">Contacto<\/a><\/li>\n<li><a href=\"https:\/\/amortherapyservices.com\/es\/solicitar-una-evaluacion\/\">Solicitar Una Evaluacion<\/a><\/li>\n<li><a href=\"https:\/\/amortherapyservices.com\/es\/servicios\/\">Servicios<\/a><\/li>\n<li><a href=\"https:\/\/amortherapyservices.com\/es\/servicios-de-terapia-para-el-habla-de-los-ninos\/\">Servicios De Terapia Para El Habla De Los Ninos<\/a><\/li>\n<\/ul>\n<p>[\/et_pb_text][\/et_pb_column][\/et_pb_row][et_pb_row column_structure=&#8221;1_3,1_3,1_3&#8243; use_custom_gutter=&#8221;on&#8221; gutter_width=&#8221;2&#8243; make_equal=&#8221;on&#8221; _builder_version=&#8221;4.16&#8243; global_colors_info=&#8221;{}&#8221;][et_pb_column type=&#8221;1_3&#8243; _builder_version=&#8221;4.16&#8243; custom_padding=&#8221;|||&#8221; global_colors_info=&#8221;{}&#8221; custom_padding__hover=&#8221;|||&#8221;][et_pb_blurb title=&#8221;Direcci\u00f3n&#8221; use_icon=&#8221;on&#8221; font_icon=&#8221;&#xe081;||divi||400&#8243; icon_color=&#8221;#FE566D&#8221; image_icon_width=&#8221;30px&#8221; admin_label=&#8221;1&#8243; _builder_version=&#8221;4.21.0&#8243; header_font=&#8221;Poppins|600|||||||&#8221; header_text_color=&#8221;#000000&#8243; header_font_size=&#8221;20px&#8221; body_font=&#8221;Roboto|300|||||||&#8221; body_text_color=&#8221;#000000&#8243; body_font_size=&#8221;15px&#8221; body_line_height=&#8221;1.8em&#8221; background_color=&#8221;#ffffff&#8221; text_orientation=&#8221;center&#8221; custom_padding=&#8221;60px|30px|60px|30px&#8221; animation=&#8221;off&#8221; icon_font_size=&#8221;30px&#8221; global_colors_info=&#8221;{}&#8221;]<\/p>\n<p>6900 S Orange Blossom Trail <br \/>Orlando, Fl 32809<\/p>\n<p>[\/et_pb_blurb][\/et_pb_column][et_pb_column type=&#8221;1_3&#8243; _builder_version=&#8221;4.16&#8243; custom_padding=&#8221;|||&#8221; global_colors_info=&#8221;{}&#8221; custom_padding__hover=&#8221;|||&#8221;][et_pb_blurb title=&#8221;Tel\u00e9fono&#8221; use_icon=&#8221;on&#8221; font_icon=&#8221;&#xe090;||divi||400&#8243; icon_color=&#8221;#FE566D&#8221; image_icon_width=&#8221;30px&#8221; admin_label=&#8221;1&#8243; _builder_version=&#8221;4.18.0&#8243; header_font=&#8221;Poppins|600|||||||&#8221; header_text_color=&#8221;#000000&#8243; header_font_size=&#8221;20px&#8221; body_font=&#8221;Roboto|300|||||||&#8221; body_text_color=&#8221;#000000&#8243; body_font_size=&#8221;15px&#8221; body_line_height=&#8221;1.8em&#8221; background_color=&#8221;#ffffff&#8221; text_orientation=&#8221;center&#8221; custom_padding=&#8221;60px|30px|60px|30px&#8221; animation=&#8221;off&#8221; icon_font_size=&#8221;30px&#8221; global_colors_info=&#8221;{}&#8221;]<\/p>\n<p>Tel\u00e9fono: 407-602-7442<br \/>Fax: 786-631-4483<\/p>\n<p>[\/et_pb_blurb][\/et_pb_column][et_pb_column type=&#8221;1_3&#8243; _builder_version=&#8221;4.16&#8243; custom_padding=&#8221;|||&#8221; global_colors_info=&#8221;{}&#8221; custom_padding__hover=&#8221;|||&#8221;][et_pb_blurb title=&#8221;Env\u00ede un correo electr\u00f3nico a&#8221; use_icon=&#8221;on&#8221; font_icon=&#8221;&#xe076;||divi||400&#8243; icon_color=&#8221;#FE566D&#8221; image_icon_width=&#8221;30px&#8221; admin_label=&#8221;1&#8243; _builder_version=&#8221;4.18.0&#8243; header_font=&#8221;Poppins|600|||||||&#8221; header_text_color=&#8221;#000000&#8243; header_font_size=&#8221;20px&#8221; body_font=&#8221;Roboto|300|||||||&#8221; body_text_color=&#8221;#000000&#8243; body_font_size=&#8221;15px&#8221; body_line_height=&#8221;1.8em&#8221; background_color=&#8221;#ffffff&#8221; text_orientation=&#8221;center&#8221; custom_padding=&#8221;60px|30px|60px|30px&#8221; animation=&#8221;off&#8221; icon_font_size=&#8221;30px&#8221; global_colors_info=&#8221;{}&#8221;]<\/p>\n<p>info@amortherapyservices.com<\/p>\n<p>[\/et_pb_blurb][\/et_pb_column][\/et_pb_row][\/et_pb_section]<\/p>\n","protected":false},"excerpt":{"rendered":"<p>Site MapInicio Gracias Galer\u00eda Sobre Nosotros Servicios De Terapia Ocupacional Para Ni\u00f1os Servicios De Terapia F\u00edsica Para Ni\u00f1os Contacto Solicitar Una Evaluacion Servicios Servicios De Terapia Para El Habla De Los Ninos 6900 S Orange Blossom Trail Orlando, Fl 32809Tel\u00e9fono: 407-602-7442Fax: 786-631-4483info@amortherapyservices.com<\/p>\n","protected":false},"author":1,"featured_media":0,"parent":0,"menu_order":0,"comment_status":"closed","ping_status":"closed","template":"","meta":{"_et_pb_use_builder":"on","_et_pb_old_content":"","_et_gb_content_width":"","footnotes":""},"class_list":["post-336592","page","type-page","status-publish","hentry"],"yoast_head":"<!-- This site is optimized with the Yoast SEO plugin v26.5 - https:\/\/yoast.com\/wordpress\/plugins\/seo\/ -->\n<title>Sitemap - Amor Therapy Services<\/title>\n<meta name=\"robots\" content=\"index, follow, max-snippet:-1, max-image-preview:large, max-video-preview:-1\" \/>\n<link rel=\"canonical\" href=\"https:\/\/amortherapyservices.com\/es\/site-map\/\" \/>\n<meta property=\"og:locale\" content=\"es_ES\" \/>\n<meta property=\"og:type\" content=\"article\" \/>\n<meta property=\"og:title\" content=\"Sitemap - Amor Therapy Services\" \/>\n<meta property=\"og:description\" content=\"Site MapInicio Gracias Galer\u00eda Sobre Nosotros Servicios De Terapia Ocupacional Para Ni\u00f1os Servicios De Terapia F\u00edsica Para Ni\u00f1os Contacto Solicitar Una Evaluacion Servicios Servicios De Terapia Para El Habla De Los Ninos 6900 S Orange Blossom Trail Orlando, Fl 32809Tel\u00e9fono: 407-602-7442Fax: 786-631-4483info@amortherapyservices.com\" \/>\n<meta property=\"og:url\" content=\"https:\/\/amortherapyservices.com\/es\/site-map\/\" \/>\n<meta property=\"og:site_name\" content=\"Amor Therapy Services\" \/>\n<meta property=\"article:modified_time\" content=\"2024-03-18T12:48:54+00:00\" \/>\n<meta name=\"twitter:card\" content=\"summary_large_image\" \/>\n<meta name=\"twitter:label1\" content=\"Tiempo de lectura\" \/>\n\t<meta name=\"twitter:data1\" content=\"1 minuto\" \/>\n<script type=\"application\/ld+json\" class=\"yoast-schema-graph\">{\"@context\":\"https:\/\/schema.org\",\"@graph\":[{\"@type\":\"WebPage\",\"@id\":\"https:\/\/amortherapyservices.com\/es\/site-map\/\",\"url\":\"https:\/\/amortherapyservices.com\/es\/site-map\/\",\"name\":\"Sitemap - Amor Therapy Services\",\"isPartOf\":{\"@id\":\"https:\/\/amortherapyservices.com\/#website\"},\"datePublished\":\"2024-03-18T12:06:08+00:00\",\"dateModified\":\"2024-03-18T12:48:54+00:00\",\"breadcrumb\":{\"@id\":\"https:\/\/amortherapyservices.com\/es\/site-map\/#breadcrumb\"},\"inLanguage\":\"es\",\"potentialAction\":[{\"@type\":\"ReadAction\",\"target\":[\"https:\/\/amortherapyservices.com\/es\/site-map\/\"]}]},{\"@type\":\"BreadcrumbList\",\"@id\":\"https:\/\/amortherapyservices.com\/es\/site-map\/#breadcrumb\",\"itemListElement\":[{\"@type\":\"ListItem\",\"position\":1,\"name\":\"Home\",\"item\":\"https:\/\/amortherapyservices.com\/es\/\"},{\"@type\":\"ListItem\",\"position\":2,\"name\":\"Sitemap\"}]},{\"@type\":\"WebSite\",\"@id\":\"https:\/\/amortherapyservices.com\/#website\",\"url\":\"https:\/\/amortherapyservices.com\/\",\"name\":\"Amor Therapy Services\",\"description\":\"Enhancing children&#039;s lives\",\"potentialAction\":[{\"@type\":\"SearchAction\",\"target\":{\"@type\":\"EntryPoint\",\"urlTemplate\":\"https:\/\/amortherapyservices.com\/?s={search_term_string}\"},\"query-input\":{\"@type\":\"PropertyValueSpecification\",\"valueRequired\":true,\"valueName\":\"search_term_string\"}}],\"inLanguage\":\"es\"}]}<\/script>\n<!-- \/ Yoast SEO plugin. -->","yoast_head_json":{"title":"Sitemap - Amor Therapy Services","robots":{"index":"index","follow":"follow","max-snippet":"max-snippet:-1","max-image-preview":"max-image-preview:large","max-video-preview":"max-video-preview:-1"},"canonical":"https:\/\/amortherapyservices.com\/es\/site-map\/","og_locale":"es_ES","og_type":"article","og_title":"Sitemap - Amor Therapy Services","og_description":"Site MapInicio Gracias Galer\u00eda Sobre Nosotros Servicios De Terapia Ocupacional Para Ni\u00f1os Servicios De Terapia F\u00edsica Para Ni\u00f1os Contacto Solicitar Una Evaluacion Servicios Servicios De Terapia Para El Habla De Los Ninos 6900 S Orange Blossom Trail Orlando, Fl 32809Tel\u00e9fono: 407-602-7442Fax: 786-631-4483info@amortherapyservices.com","og_url":"https:\/\/amortherapyservices.com\/es\/site-map\/","og_site_name":"Amor Therapy Services","article_modified_time":"2024-03-18T12:48:54+00:00","twitter_card":"summary_large_image","twitter_misc":{"Tiempo de lectura":"1 minuto"},"schema":{"@context":"https:\/\/schema.org","@graph":[{"@type":"WebPage","@id":"https:\/\/amortherapyservices.com\/es\/site-map\/","url":"https:\/\/amortherapyservices.com\/es\/site-map\/","name":"Sitemap - Amor Therapy Services","isPartOf":{"@id":"https:\/\/amortherapyservices.com\/#website"},"datePublished":"2024-03-18T12:06:08+00:00","dateModified":"2024-03-18T12:48:54+00:00","breadcrumb":{"@id":"https:\/\/amortherapyservices.com\/es\/site-map\/#breadcrumb"},"inLanguage":"es","potentialAction":[{"@type":"ReadAction","target":["https:\/\/amortherapyservices.com\/es\/site-map\/"]}]},{"@type":"BreadcrumbList","@id":"https:\/\/amortherapyservices.com\/es\/site-map\/#breadcrumb","itemListElement":[{"@type":"ListItem","position":1,"name":"Home","item":"https:\/\/amortherapyservices.com\/es\/"},{"@type":"ListItem","position":2,"name":"Sitemap"}]},{"@type":"WebSite","@id":"https:\/\/amortherapyservices.com\/#website","url":"https:\/\/amortherapyservices.com\/","name":"Amor Therapy Services","description":"Enhancing children&#039;s lives","potentialAction":[{"@type":"SearchAction","target":{"@type":"EntryPoint","urlTemplate":"https:\/\/amortherapyservices.com\/?s={search_term_string}"},"query-input":{"@type":"PropertyValueSpecification","valueRequired":true,"valueName":"search_term_string"}}],"inLanguage":"es"}]}},"_links":{"self":[{"href":"https:\/\/amortherapyservices.com\/es\/wp-json\/wp\/v2\/pages\/336592","targetHints":{"allow":["GET"]}}],"collection":[{"href":"https:\/\/amortherapyservices.com\/es\/wp-json\/wp\/v2\/pages"}],"about":[{"href":"https:\/\/amortherapyservices.com\/es\/wp-json\/wp\/v2\/types\/page"}],"author":[{"embeddable":true,"href":"https:\/\/amortherapyservices.com\/es\/wp-json\/wp\/v2\/users\/1"}],"replies":[{"embeddable":true,"href":"https:\/\/amortherapyservices.com\/es\/wp-json\/wp\/v2\/comments?post=336592"}],"version-history":[{"count":7,"href":"https:\/\/amortherapyservices.com\/es\/wp-json\/wp\/v2\/pages\/336592\/revisions"}],"predecessor-version":[{"id":336617,"href":"https:\/\/amortherapyservices.com\/es\/wp-json\/wp\/v2\/pages\/336592\/revisions\/336617"}],"wp:attachment":[{"href":"https:\/\/amortherapyservices.com\/es\/wp-json\/wp\/v2\/media?parent=336592"}],"curies":[{"name":"wp","href":"https:\/\/api.w.org\/{rel}","templated":true}]}}